{"id":368641,"date":"2024-10-16T00:00:58","date_gmt":"2024-10-16T00:00:58","guid":{"rendered":"https:\/\/irankiuzona.lt\/product\/laikikliu-komplektas-elektrikui-28vnt-2\/"},"modified":"2026-04-12T00:14:54","modified_gmt":"2026-04-12T00:14:54","slug":"laikikliu-komplektas-elektrikui-28vnt-2","status":"publish","type":"product","link":"https:\/\/irankiuzona.lt\/ru\/product\/laikikliu-komplektas-elektrikui-28vnt-2\/","title":{"rendered":"Laikikli\u0173 komplektas elektrikui, 28vnt."},"content":{"rendered":"","protected":false},"excerpt":{"rendered":"<p>Elektriko jung\u010di\u0173-gnybt\u0173 komplektas 28vnt.<\/p>","protected":false},"featured_media":251588,"comment_status":"open","ping_status":"open","template":"","meta":[],"product_cat":[9654],"product_tag":[9969],"class_list":{"0":"post-368641","1":"product","2":"type-product","3":"status-publish","4":"has-post-thumbnail","6":"product_brand-hogert-technik-vokietija","7":"product_cat-jungtys-izoliacines-juostos","8":"product_tag-hogert-technik-vokietija","10":"first","11":"instock","12":"purchasable","13":"product-type-simple"},"jetpack_sharing_enabled":true,"_links":{"self":[{"href":"https:\/\/irankiuzona.lt\/ru\/wp-json\/wp\/v2\/product\/368641","targetHints":{"allow":["GET"]}}],"collection":[{"href":"https:\/\/irankiuzona.lt\/ru\/wp-json\/wp\/v2\/product"}],"about":[{"href":"https:\/\/irankiuzona.lt\/ru\/wp-json\/wp\/v2\/types\/product"}],"replies":[{"embeddable":true,"href":"https:\/\/irankiuzona.lt\/ru\/wp-json\/wp\/v2\/comments?post=368641"}],"version-history":[{"count":1,"href":"https:\/\/irankiuzona.lt\/ru\/wp-json\/wp\/v2\/product\/368641\/revisions"}],"predecessor-version":[{"id":419170,"href":"https:\/\/irankiuzona.lt\/ru\/wp-json\/wp\/v2\/product\/368641\/revisions\/419170"}],"wp:featuredmedia":[{"embeddable":true,"href":"https:\/\/irankiuzona.lt\/ru\/wp-json\/wp\/v2\/media\/251588"}],"wp:attachment":[{"href":"https:\/\/irankiuzona.lt\/ru\/wp-json\/wp\/v2\/media?parent=368641"}],"wp:term":[{"taxonomy":"product_cat","embeddable":true,"href":"https:\/\/irankiuzona.lt\/ru\/wp-json\/wp\/v2\/product_cat?post=368641"},{"taxonomy":"product_tag","embeddable":true,"href":"https:\/\/irankiuzona.lt\/ru\/wp-json\/wp\/v2\/product_tag?post=368641"}],"curies":[{"name":"wp","href":"https:\/\/api.w.org\/{rel}","templated":true}]}}