{"id":368643,"date":"2024-10-16T00:00:59","date_gmt":"2024-10-16T00:00:59","guid":{"rendered":"https:\/\/irankiuzona.lt\/product\/uv-zibintuvelis-ir-akiniai-kondicionavimo-sistemos-nuotekio-aptikimui-3\/"},"modified":"2026-04-11T22:33:29","modified_gmt":"2026-04-11T22:33:29","slug":"uv-zibintuvelis-ir-akiniai-kondicionavimo-sistemos-nuotekio-aptikimui-3","status":"publish","type":"product","link":"https:\/\/irankiuzona.lt\/ru\/product\/uv-zibintuvelis-ir-akiniai-kondicionavimo-sistemos-nuotekio-aptikimui-3\/","title":{"rendered":"UV \u017eibintuv\u0117lis ir akiniai kondicionavimo sistemos nuot\u0117kio aptikimui"},"content":{"rendered":"<p>galia: 3Wstiprus spinduliuot\u0117s spindulys, palengvinantis nuot\u0117kio aptikim\u0105\u012e komplekt\u0105 \u012feina akiniai, apsaugantys nuo UV spinduli\u0173, atitinkantys Europos direktyvos d\u0117l asmenini\u0173 apsaugos priemoni\u0173 reikalavimustiksliai parinktas UV bangos ilgis (395 nm), kad b\u016bt\u0173 ai\u0161kiai aptiktas kontrastasaliuminio korpusasbaterija LI-ION (18650) 3.7V, 1500mAh\u012fkrovimo laikas: 6-8hdarbo laikas: 3,5-4hmatmenys: 18,9 X 5,5 cm50 cm ilgio USB laidasIP202 darbo re\u017eimai: 100%, mirksi (blyksniai)<\/p>","protected":false},"excerpt":{"rendered":"<p>UV \u017eibintuv\u0117lis ir akiniai kondicionavimo sistemos nuot\u0117kio aptikimui<\/p>","protected":false},"featured_media":251778,"comment_status":"open","ping_status":"open","template":"","meta":[],"product_cat":[9789],"product_tag":[9483],"class_list":{"0":"post-368643","1":"product","2":"type-product","3":"status-publish","4":"has-post-thumbnail","6":"product_brand-yato-lenkija","7":"product_cat-iranga-kondicionieriu-pildymui-priedai","8":"product_tag-yato-lenkija","10":"first","11":"instock","12":"purchasable","13":"product-type-simple"},"jetpack_sharing_enabled":true,"_links":{"self":[{"href":"https:\/\/irankiuzona.lt\/ru\/wp-json\/wp\/v2\/product\/368643","targetHints":{"allow":["GET"]}}],"collection":[{"href":"https:\/\/irankiuzona.lt\/ru\/wp-json\/wp\/v2\/product"}],"about":[{"href":"https:\/\/irankiuzona.lt\/ru\/wp-json\/wp\/v2\/types\/product"}],"replies":[{"embeddable":true,"href":"https:\/\/irankiuzona.lt\/ru\/wp-json\/wp\/v2\/comments?post=368643"}],"version-history":[{"count":1,"href":"https:\/\/irankiuzona.lt\/ru\/wp-json\/wp\/v2\/product\/368643\/revisions"}],"predecessor-version":[{"id":419201,"href":"https:\/\/irankiuzona.lt\/ru\/wp-json\/wp\/v2\/product\/368643\/revisions\/419201"}],"wp:featuredmedia":[{"embeddable":true,"href":"https:\/\/irankiuzona.lt\/ru\/wp-json\/wp\/v2\/media\/251778"}],"wp:attachment":[{"href":"https:\/\/irankiuzona.lt\/ru\/wp-json\/wp\/v2\/media?parent=368643"}],"wp:term":[{"taxonomy":"product_cat","embeddable":true,"href":"https:\/\/irankiuzona.lt\/ru\/wp-json\/wp\/v2\/product_cat?post=368643"},{"taxonomy":"product_tag","embeddable":true,"href":"https:\/\/irankiuzona.lt\/ru\/wp-json\/wp\/v2\/product_tag?post=368643"}],"curies":[{"name":"wp","href":"https:\/\/api.w.org\/{rel}","templated":true}]}}