{"id":368679,"date":"2024-10-17T00:00:11","date_gmt":"2024-10-17T00:00:11","guid":{"rendered":"https:\/\/irankiuzona.lt\/product\/darbinis-puskombinezonis-pilkas-xl-dydis-2\/"},"modified":"2026-04-06T21:51:54","modified_gmt":"2026-04-06T21:51:54","slug":"darbinis-puskombinezonis-pilkas-xl-dydis-2","status":"publish","type":"product","link":"https:\/\/irankiuzona.lt\/ru\/product\/darbinis-puskombinezonis-pilkas-xl-dydis-2\/","title":{"rendered":"Darbinis puskombinezonis pilkas XL dydis"},"content":{"rendered":"<p>Darbinis puskombinezonis pagamintas i\u0161 tvirtos ir standaus pynimo audinio medviln\u0117s, kadangi sud\u0117tyje yra net 3 % elastano, vadinasi keln\u0117s yra labai elastingos, patogios, nevar\u017eo judesi\u0173 bei leid\u017eia patogiai dirbti. Trigubai susi\u016btos si\u016bl\u0117s u\u017etikrina ilgesn\u012f d\u0117v\u0117jim\u0105. Keli\u0173 srityje yra specialiai prisi\u016btos ki\u0161en\u0117s antkeliams \u012fsiki\u0161ti su Velcro u\u017esegimais bei yra nedidel\u0117s \u0161vies\u0105 atspindin\u010dios juostel\u0117s r\u016bbo si\u016bl\u0117se priekyje ir gale, kurios nekrenta \u012f akis dienos metu, ta\u010diau pad\u0117s tapt matomiems tamsiuoju paros metu. Elastingos ir reguliuojamos petne\u0161os su greito u\u017esegimo sagtimis leid\u017eia greitai ir patogiai apsivilkti kelnes. Puskombinezonis puikiai tinkamas dirbti apdailos ir da\u017eymo darbus, santechnika ir pan.<br \/>\n\u00b7 Audinio sud\u0117tis: 97 % medviln\u0117, 3 % elastanas, tvirto ir standaus pynimo.\u00b7 Audinio tankis: 270 g\/m\u00b2, sutvirtinimai \u201eOxford 600D\u201c.\u00b7 7 ki\u0161en\u0117s: &#8211; 2 priekin\u0117s ki\u0161en\u0117s kr\u016btin\u0117s srityje, \u012fskaitant vien\u0105 su atvartu ir Velcro u\u017esegimu; &#8211; 2 gilios ki\u0161en\u0117s ties juosmeniu; &#8211; 1 \u0161onin\u0117 ki\u0161en\u0117 ant kojos; &#8211; 2 u\u017epakalin\u0117s ki\u0161en\u0117s su atvartu ir \u201eVelcro\u00ae\u201c u\u017esegimu.\u00b7 Spalva:\u00a0pilka\u00a0su juodais intarpais.<\/p>","protected":false},"excerpt":{"rendered":"<p>Darbinis puskombinezonis pilkas XL dydis<\/p>","protected":false},"featured_media":252315,"comment_status":"open","ping_status":"open","template":"","meta":[],"product_cat":[10006],"product_tag":[9969],"class_list":{"0":"post-368679","1":"product","2":"type-product","3":"status-publish","4":"has-post-thumbnail","6":"product_brand-hogert-technik-vokietija","7":"product_cat-darbiniai-puskombinezoniai","8":"product_tag-hogert-technik-vokietija","10":"first","11":"instock","12":"purchasable","13":"product-type-simple"},"jetpack_sharing_enabled":true,"_links":{"self":[{"href":"https:\/\/irankiuzona.lt\/ru\/wp-json\/wp\/v2\/product\/368679","targetHints":{"allow":["GET"]}}],"collection":[{"href":"https:\/\/irankiuzona.lt\/ru\/wp-json\/wp\/v2\/product"}],"about":[{"href":"https:\/\/irankiuzona.lt\/ru\/wp-json\/wp\/v2\/types\/product"}],"replies":[{"embeddable":true,"href":"https:\/\/irankiuzona.lt\/ru\/wp-json\/wp\/v2\/comments?post=368679"}],"version-history":[{"count":0,"href":"https:\/\/irankiuzona.lt\/ru\/wp-json\/wp\/v2\/product\/368679\/revisions"}],"wp:featuredmedia":[{"embeddable":true,"href":"https:\/\/irankiuzona.lt\/ru\/wp-json\/wp\/v2\/media\/252315"}],"wp:attachment":[{"href":"https:\/\/irankiuzona.lt\/ru\/wp-json\/wp\/v2\/media?parent=368679"}],"wp:term":[{"taxonomy":"product_cat","embeddable":true,"href":"https:\/\/irankiuzona.lt\/ru\/wp-json\/wp\/v2\/product_cat?post=368679"},{"taxonomy":"product_tag","embeddable":true,"href":"https:\/\/irankiuzona.lt\/ru\/wp-json\/wp\/v2\/product_tag?post=368679"}],"curies":[{"name":"wp","href":"https:\/\/api.w.org\/{rel}","templated":true}]}}