{"id":368685,"date":"2024-10-17T00:00:14","date_gmt":"2024-10-17T00:00:14","guid":{"rendered":"https:\/\/irankiuzona.lt\/product\/hidraulinis-presas-20tonu-su-kojine-pavara-2\/"},"modified":"2026-04-12T08:19:59","modified_gmt":"2026-04-12T08:19:59","slug":"hidraulinis-presas-20tonu-su-kojine-pavara-2","status":"publish","type":"product","link":"https:\/\/irankiuzona.lt\/ru\/product\/hidraulinis-presas-20tonu-su-kojine-pavara-2\/","title":{"rendered":"Hidraulinis presas 20ton\u0173 su kojine pavara"},"content":{"rendered":"<p>Naujas modelis<br \/>\nKojinis ir rankinis valdymas<br \/>\nGalia \u2013 20 ton\u0173;Kompakti\u0161ka siurblio konstrukcija;Komplekte dvi presavimo prizm\u0117s;Reguliuojama hidraulinio cilindro pozicija (kair\u0117-de\u0161in\u0117);R\u0117mas pagamintas i\u0161 auk\u0161tos klas\u0117s plieno;A- 54 cm, B- 16,5-115 cm, C- 150 cm, D- 63 cm, E- 196 cm, F- 71 cmSvoris \u2013\u00a090 kg<\/p>","protected":false},"excerpt":{"rendered":"<p>Hidraulinis presas su monometru su kojine pavara, 20ton\u0173 galios<\/p>","protected":false},"featured_media":252539,"comment_status":"open","ping_status":"open","template":"","meta":[],"product_cat":[9946],"product_tag":[10087],"class_list":{"0":"post-368685","1":"product","2":"type-product","3":"status-publish","4":"has-post-thumbnail","6":"product_brand-verke","7":"product_cat-hidrauliniai-presai","8":"product_tag-verke","10":"first","11":"outofstock","12":"purchasable","13":"product-type-simple"},"jetpack_sharing_enabled":true,"_links":{"self":[{"href":"https:\/\/irankiuzona.lt\/ru\/wp-json\/wp\/v2\/product\/368685","targetHints":{"allow":["GET"]}}],"collection":[{"href":"https:\/\/irankiuzona.lt\/ru\/wp-json\/wp\/v2\/product"}],"about":[{"href":"https:\/\/irankiuzona.lt\/ru\/wp-json\/wp\/v2\/types\/product"}],"replies":[{"embeddable":true,"href":"https:\/\/irankiuzona.lt\/ru\/wp-json\/wp\/v2\/comments?post=368685"}],"version-history":[{"count":1,"href":"https:\/\/irankiuzona.lt\/ru\/wp-json\/wp\/v2\/product\/368685\/revisions"}],"predecessor-version":[{"id":419424,"href":"https:\/\/irankiuzona.lt\/ru\/wp-json\/wp\/v2\/product\/368685\/revisions\/419424"}],"wp:featuredmedia":[{"embeddable":true,"href":"https:\/\/irankiuzona.lt\/ru\/wp-json\/wp\/v2\/media\/252539"}],"wp:attachment":[{"href":"https:\/\/irankiuzona.lt\/ru\/wp-json\/wp\/v2\/media?parent=368685"}],"wp:term":[{"taxonomy":"product_cat","embeddable":true,"href":"https:\/\/irankiuzona.lt\/ru\/wp-json\/wp\/v2\/product_cat?post=368685"},{"taxonomy":"product_tag","embeddable":true,"href":"https:\/\/irankiuzona.lt\/ru\/wp-json\/wp\/v2\/product_tag?post=368685"}],"curies":[{"name":"wp","href":"https:\/\/api.w.org\/{rel}","templated":true}]}}