{"id":368697,"date":"2024-10-17T00:00:16","date_gmt":"2024-10-17T00:00:16","guid":{"rendered":"https:\/\/irankiuzona.lt\/product\/dyzelio-purkstuku-diagnostikos-komplektas-common-rail-3\/"},"modified":"2026-04-12T15:23:11","modified_gmt":"2026-04-12T15:23:11","slug":"dyzelio-purkstuku-diagnostikos-komplektas-common-rail-3","status":"publish","type":"product","link":"https:\/\/irankiuzona.lt\/ru\/product\/dyzelio-purkstuku-diagnostikos-komplektas-common-rail-3\/","title":{"rendered":"DYZELIO PURK\u0160TUK\u0172 DIAGNOSTIKOS KOMPLEKTAS \/ COMMON-RAIL"},"content":{"rendered":"<p>Designed to measure return fuel flow on Common Rail diesel vehicles. The tool is measuring the amount of fuel injectors return to the deposit tank.<br \/>\nProduct FeaturesDesigned for Common Rail DieselsCan test up to six cylinder enginesIncludes 24 adaptors to suit Bosch, Siemens, Delphi and Denso injectorsPackage Contents6 graduated reservoir bottles for use when running engine (capacity of 105 ml)6 graduated manometer tubes for use when cranking engine (capacity of 95 ml)6 x Adapter for Delphi injectors6 x Adapter for Denso injectors6 x Adapter for Siemens injectors6 x Adapter for Bosch injectors<\/p>","protected":false},"excerpt":{"rendered":"<p>Dyzelini\u0173 purk\u0161tuk\u0173 diagnostikos komplektas<\/p>","protected":false},"featured_media":252636,"comment_status":"open","ping_status":"open","template":"","meta":[],"product_cat":[9700],"product_tag":[10087],"class_list":{"0":"post-368697","1":"product","2":"type-product","3":"status-publish","4":"has-post-thumbnail","6":"product_brand-verke","7":"product_cat-dyzeliniu-purkstuku-diagnostika","8":"product_tag-verke","10":"first","11":"outofstock","12":"purchasable","13":"product-type-simple"},"jetpack_sharing_enabled":true,"_links":{"self":[{"href":"https:\/\/irankiuzona.lt\/ru\/wp-json\/wp\/v2\/product\/368697","targetHints":{"allow":["GET"]}}],"collection":[{"href":"https:\/\/irankiuzona.lt\/ru\/wp-json\/wp\/v2\/product"}],"about":[{"href":"https:\/\/irankiuzona.lt\/ru\/wp-json\/wp\/v2\/types\/product"}],"replies":[{"embeddable":true,"href":"https:\/\/irankiuzona.lt\/ru\/wp-json\/wp\/v2\/comments?post=368697"}],"version-history":[{"count":1,"href":"https:\/\/irankiuzona.lt\/ru\/wp-json\/wp\/v2\/product\/368697\/revisions"}],"predecessor-version":[{"id":419455,"href":"https:\/\/irankiuzona.lt\/ru\/wp-json\/wp\/v2\/product\/368697\/revisions\/419455"}],"wp:featuredmedia":[{"embeddable":true,"href":"https:\/\/irankiuzona.lt\/ru\/wp-json\/wp\/v2\/media\/252636"}],"wp:attachment":[{"href":"https:\/\/irankiuzona.lt\/ru\/wp-json\/wp\/v2\/media?parent=368697"}],"wp:term":[{"taxonomy":"product_cat","embeddable":true,"href":"https:\/\/irankiuzona.lt\/ru\/wp-json\/wp\/v2\/product_cat?post=368697"},{"taxonomy":"product_tag","embeddable":true,"href":"https:\/\/irankiuzona.lt\/ru\/wp-json\/wp\/v2\/product_tag?post=368697"}],"curies":[{"name":"wp","href":"https:\/\/api.w.org\/{rel}","templated":true}]}}