{"id":368703,"date":"2024-10-17T00:00:17","date_gmt":"2024-10-17T00:00:17","guid":{"rendered":"https:\/\/irankiuzona.lt\/product\/ikraunama-lempa-prozektorius-cob-led-2\/"},"modified":"2026-04-15T23:30:15","modified_gmt":"2026-04-15T23:30:15","slug":"ikraunama-lempa-prozektorius-cob-led-2","status":"publish","type":"product","link":"https:\/\/irankiuzona.lt\/ru\/product\/ikraunama-lempa-prozektorius-cob-led-2\/","title":{"rendered":"\u012ekraunama lempa-pro\u017eektorius COB-LED"},"content":{"rendered":"<p>TECHNINIAI DUOMENYS:<br \/>\nlemput\u0117 3W + lemput\u0117 1,5W360 * sukama rankenabaterija: 3,7 V, 2000 mAh li\u010dio jon\u0173USB \u012fkroviklis230V \u012fkroviklis: 5V 1000mAapsauga nuo perkrovimo ir visi\u0161ko i\u0161krovimomed\u017eiaga: ABS + PC,diapazonas 500map\u0161vietimo laikas: led cree ok 3h, led cob ok 5h\u0161viesos srautas: 3W &#8211; 300 liumen\u0173, 1,5W &#8211; 150 liumen\u0173darbo re\u017eimas: 100%, 50%, stroboskopasdir\u017eas, skirtas pakabinti \u017eibintuv\u0117l\u012f ant peties<\/p>","protected":false},"excerpt":{"rendered":"<p>\u012ekraunama lempa-pro\u017eektorius COB-LED<\/p>","protected":false},"featured_media":252671,"comment_status":"open","ping_status":"open","template":"","meta":[],"product_cat":[9854],"product_tag":[10087],"class_list":{"0":"post-368703","1":"product","2":"type-product","3":"status-publish","4":"has-post-thumbnail","6":"product_brand-verke","7":"product_cat-lempos-ikraunamos","8":"product_tag-verke","10":"first","11":"outofstock","12":"purchasable","13":"product-type-simple"},"jetpack_sharing_enabled":true,"_links":{"self":[{"href":"https:\/\/irankiuzona.lt\/ru\/wp-json\/wp\/v2\/product\/368703","targetHints":{"allow":["GET"]}}],"collection":[{"href":"https:\/\/irankiuzona.lt\/ru\/wp-json\/wp\/v2\/product"}],"about":[{"href":"https:\/\/irankiuzona.lt\/ru\/wp-json\/wp\/v2\/types\/product"}],"replies":[{"embeddable":true,"href":"https:\/\/irankiuzona.lt\/ru\/wp-json\/wp\/v2\/comments?post=368703"}],"version-history":[{"count":1,"href":"https:\/\/irankiuzona.lt\/ru\/wp-json\/wp\/v2\/product\/368703\/revisions"}],"predecessor-version":[{"id":419465,"href":"https:\/\/irankiuzona.lt\/ru\/wp-json\/wp\/v2\/product\/368703\/revisions\/419465"}],"wp:featuredmedia":[{"embeddable":true,"href":"https:\/\/irankiuzona.lt\/ru\/wp-json\/wp\/v2\/media\/252671"}],"wp:attachment":[{"href":"https:\/\/irankiuzona.lt\/ru\/wp-json\/wp\/v2\/media?parent=368703"}],"wp:term":[{"taxonomy":"product_cat","embeddable":true,"href":"https:\/\/irankiuzona.lt\/ru\/wp-json\/wp\/v2\/product_cat?post=368703"},{"taxonomy":"product_tag","embeddable":true,"href":"https:\/\/irankiuzona.lt\/ru\/wp-json\/wp\/v2\/product_tag?post=368703"}],"curies":[{"name":"wp","href":"https:\/\/api.w.org\/{rel}","templated":true}]}}