{"id":368705,"date":"2024-10-17T00:00:17","date_gmt":"2024-10-17T00:00:17","guid":{"rendered":"https:\/\/irankiuzona.lt\/product\/karterio-isleidimo-varztu-remonto-komplektas-64-vnt-2\/"},"modified":"2026-04-15T21:45:02","modified_gmt":"2026-04-15T21:45:02","slug":"karterio-isleidimo-varztu-remonto-komplektas-64-vnt-2","status":"publish","type":"product","link":"https:\/\/irankiuzona.lt\/ru\/product\/karterio-isleidimo-varztu-remonto-komplektas-64-vnt-2\/","title":{"rendered":"Karterio i\u0161leidimo var\u017et\u0173 remonto komplektas 64 vnt."},"content":{"rendered":"<p>TECHNINIAI DUOMENYS:<br \/>\n\u010diaupas &#8211; M13x1,5 \/ M15x1,5 \/ M17x1,5 \/ M20x1,5ki\u0161tukas &#8211; M13.5 \/ M15.5 \/ M17.5 \/ M20.5<\/p>","protected":false},"excerpt":{"rendered":"<p>Karterio i\u0161leidimo var\u017et\u0173 remonto komplektas 64 vnt.<\/p>","protected":false},"featured_media":252683,"comment_status":"open","ping_status":"open","template":"","meta":[],"product_cat":[9655],"product_tag":[10087],"class_list":{"0":"post-368705","1":"product","2":"type-product","3":"status-publish","4":"has-post-thumbnail","6":"product_brand-verke","7":"product_cat-sugadintam-karterio-sriegiui","8":"product_tag-verke","10":"first","11":"outofstock","12":"purchasable","13":"product-type-simple"},"jetpack_sharing_enabled":true,"_links":{"self":[{"href":"https:\/\/irankiuzona.lt\/ru\/wp-json\/wp\/v2\/product\/368705","targetHints":{"allow":["GET"]}}],"collection":[{"href":"https:\/\/irankiuzona.lt\/ru\/wp-json\/wp\/v2\/product"}],"about":[{"href":"https:\/\/irankiuzona.lt\/ru\/wp-json\/wp\/v2\/types\/product"}],"replies":[{"embeddable":true,"href":"https:\/\/irankiuzona.lt\/ru\/wp-json\/wp\/v2\/comments?post=368705"}],"version-history":[{"count":1,"href":"https:\/\/irankiuzona.lt\/ru\/wp-json\/wp\/v2\/product\/368705\/revisions"}],"predecessor-version":[{"id":419469,"href":"https:\/\/irankiuzona.lt\/ru\/wp-json\/wp\/v2\/product\/368705\/revisions\/419469"}],"wp:featuredmedia":[{"embeddable":true,"href":"https:\/\/irankiuzona.lt\/ru\/wp-json\/wp\/v2\/media\/252683"}],"wp:attachment":[{"href":"https:\/\/irankiuzona.lt\/ru\/wp-json\/wp\/v2\/media?parent=368705"}],"wp:term":[{"taxonomy":"product_cat","embeddable":true,"href":"https:\/\/irankiuzona.lt\/ru\/wp-json\/wp\/v2\/product_cat?post=368705"},{"taxonomy":"product_tag","embeddable":true,"href":"https:\/\/irankiuzona.lt\/ru\/wp-json\/wp\/v2\/product_tag?post=368705"}],"curies":[{"name":"wp","href":"https:\/\/api.w.org\/{rel}","templated":true}]}}