{"id":368807,"date":"2024-10-17T00:00:51","date_gmt":"2024-10-17T00:00:51","guid":{"rendered":"https:\/\/irankiuzona.lt\/product\/multimetras-skaitmeninis-full-smart-2\/"},"modified":"2026-05-15T02:56:33","modified_gmt":"2026-05-15T02:56:33","slug":"multimetras-skaitmeninis-full-smart-2","status":"publish","type":"product","link":"https:\/\/irankiuzona.lt\/ru\/product\/multimetras-skaitmeninis-full-smart-2\/","title":{"rendered":"MULTIMETRAS SKAITMENINIS FULL-SMART"},"content":{"rendered":"<p>Skaitmeninis skaitiklis, naudojamas elektros instaliacijos gedim\u0173 diagnostikai ir aptikimuiD\u0117l FULL-SMART technologijos juo labai paprasta naudotis, juo gali naudotis net nepatyr\u0119 vartotojaiNaudojamas automobili\u0173, elektros ir montavimo pramon\u0117jeSMART technologija \u2013 matuoklis pats atpa\u017e\u012fsta i\u0161matuot\u0105 parametr\u0105 ir automati\u0161kai sureguliuoja nuolatin\u0117s ir kintamosios \u012ftampos matavimo diapazonas (AUTO RANGE), t\u0119stinumo arba var\u017eos bandymasSELECT &#8211; jungiklio funkcijos bekontaktiniam NCV \/ talpos \/ da\u017enio matavimuiTRUE RMS kintamosios srov\u0117s ir \u012ftampos matavimas \u2013 tikslus efektyviosios vert\u0117s nustatymas srov\u0117s vert\u0117 tiek sinusoidin\u0117ms, tiek i\u0161kraipytoms bang\u0173 formomsNCV leid\u017eia nekontaktiniu b\u016bdu aptikti srov\u0119 laiduoseDUOMEN\u0172 LAIKYMAS leid\u017eia i\u0161saugoti \u0161iuo metu i\u0161matuot\u0105 vert\u0119 ekranemultimetras leid\u017eia matuoti nuolatin\u0119 ir kintam\u0105j\u0105 \u012ftamp\u0105 iki 600 Vatsparumas iki 40 M\u03a9, talpa iki 4 mF, da\u017enis iki 4 mHz, t\u0119stinumo testas ir 1,5 \/ 9 V baterijos testasturi didel\u012f LCD ekran\u0105 su foniniu ap\u0161vietimu, kuris leid\u017eia rodyti 4000 rezultat\u0105\u012fmontuotas \u017eibintuv\u0117lis leid\u017eia dirbti nakt\u012f ir tamsojeguminis korpusas apsaugo nuo mechanini\u0173 pa\u017eeidim\u0173patogi, ergonomi\u0161ka, kompakti\u0161ka forma leid\u017eia patogiai dirbti viena rankamaitinamas 2&#215;1,5 V AAA baterija, pailg\u0117j\u0119s baterijos veikimo laikas d\u0117l automatinio i\u0161sijungimo funkcijoskomplekte yra bandymo laidasAC \u012ftampos matavimas: 0-600VDC \u012ftampos matavimas: 0-600VTalpos matavimas: maks. 4 mFAtsparumo matavimas: 40 M\u03a9Da\u017enio matavimas: 4 mHzBaterijos i\u0161matavimai: 1,5 \/ 9V<\/p>","protected":false},"excerpt":{"rendered":"<p>MULTIMETRAS SKAITMENINIS FULL-SMART<\/p>","protected":false},"featured_media":254889,"comment_status":"open","ping_status":"open","template":"","meta":[],"product_cat":[9679],"product_tag":[9969],"class_list":{"0":"post-368807","1":"product","2":"type-product","3":"status-publish","4":"has-post-thumbnail","6":"product_brand-hogert-technik-vokietija","7":"product_cat-elektriko-testeriai-ivairus-matuokliai","8":"product_tag-hogert-technik-vokietija","10":"first","11":"instock","12":"purchasable","13":"product-type-simple"},"jetpack_sharing_enabled":true,"_links":{"self":[{"href":"https:\/\/irankiuzona.lt\/ru\/wp-json\/wp\/v2\/product\/368807","targetHints":{"allow":["GET"]}}],"collection":[{"href":"https:\/\/irankiuzona.lt\/ru\/wp-json\/wp\/v2\/product"}],"about":[{"href":"https:\/\/irankiuzona.lt\/ru\/wp-json\/wp\/v2\/types\/product"}],"replies":[{"embeddable":true,"href":"https:\/\/irankiuzona.lt\/ru\/wp-json\/wp\/v2\/comments?post=368807"}],"version-history":[{"count":1,"href":"https:\/\/irankiuzona.lt\/ru\/wp-json\/wp\/v2\/product\/368807\/revisions"}],"predecessor-version":[{"id":420158,"href":"https:\/\/irankiuzona.lt\/ru\/wp-json\/wp\/v2\/product\/368807\/revisions\/420158"}],"wp:featuredmedia":[{"embeddable":true,"href":"https:\/\/irankiuzona.lt\/ru\/wp-json\/wp\/v2\/media\/254889"}],"wp:attachment":[{"href":"https:\/\/irankiuzona.lt\/ru\/wp-json\/wp\/v2\/media?parent=368807"}],"wp:term":[{"taxonomy":"product_cat","embeddable":true,"href":"https:\/\/irankiuzona.lt\/ru\/wp-json\/wp\/v2\/product_cat?post=368807"},{"taxonomy":"product_tag","embeddable":true,"href":"https:\/\/irankiuzona.lt\/ru\/wp-json\/wp\/v2\/product_tag?post=368807"}],"curies":[{"name":"wp","href":"https:\/\/api.w.org\/{rel}","templated":true}]}}