{"id":368847,"date":"2024-10-17T00:01:01","date_gmt":"2024-10-17T00:01:01","guid":{"rendered":"https:\/\/irankiuzona.lt\/product\/dyzeliniu-purkstuku-diagnostikos-komplektas-3\/"},"modified":"2026-04-12T06:07:04","modified_gmt":"2026-04-12T06:07:04","slug":"dyzeliniu-purkstuku-diagnostikos-komplektas-3","status":"publish","type":"product","link":"https:\/\/irankiuzona.lt\/ru\/product\/dyzeliniu-purkstuku-diagnostikos-komplektas-3\/","title":{"rendered":"Dyzelini\u0173 purk\u0161tuk\u0173 diagnostikos komplektas"},"content":{"rendered":"","protected":false},"excerpt":{"rendered":"<p>Dyzelini\u0173 purk\u0161tuk\u0173 diagnostikos komplektas<\/p>","protected":false},"featured_media":255420,"comment_status":"open","ping_status":"open","template":"","meta":[],"product_cat":[9700],"product_tag":[9969],"class_list":{"0":"post-368847","1":"product","2":"type-product","3":"status-publish","4":"has-post-thumbnail","6":"product_brand-hogert-technik-vokietija","7":"product_cat-dyzeliniu-purkstuku-diagnostika","8":"product_tag-hogert-technik-vokietija","10":"first","11":"instock","12":"purchasable","13":"product-type-simple"},"jetpack_sharing_enabled":true,"_links":{"self":[{"href":"https:\/\/irankiuzona.lt\/ru\/wp-json\/wp\/v2\/product\/368847","targetHints":{"allow":["GET"]}}],"collection":[{"href":"https:\/\/irankiuzona.lt\/ru\/wp-json\/wp\/v2\/product"}],"about":[{"href":"https:\/\/irankiuzona.lt\/ru\/wp-json\/wp\/v2\/types\/product"}],"replies":[{"embeddable":true,"href":"https:\/\/irankiuzona.lt\/ru\/wp-json\/wp\/v2\/comments?post=368847"}],"version-history":[{"count":1,"href":"https:\/\/irankiuzona.lt\/ru\/wp-json\/wp\/v2\/product\/368847\/revisions"}],"predecessor-version":[{"id":420330,"href":"https:\/\/irankiuzona.lt\/ru\/wp-json\/wp\/v2\/product\/368847\/revisions\/420330"}],"wp:featuredmedia":[{"embeddable":true,"href":"https:\/\/irankiuzona.lt\/ru\/wp-json\/wp\/v2\/media\/255420"}],"wp:attachment":[{"href":"https:\/\/irankiuzona.lt\/ru\/wp-json\/wp\/v2\/media?parent=368847"}],"wp:term":[{"taxonomy":"product_cat","embeddable":true,"href":"https:\/\/irankiuzona.lt\/ru\/wp-json\/wp\/v2\/product_cat?post=368847"},{"taxonomy":"product_tag","embeddable":true,"href":"https:\/\/irankiuzona.lt\/ru\/wp-json\/wp\/v2\/product_tag?post=368847"}],"curies":[{"name":"wp","href":"https:\/\/api.w.org\/{rel}","templated":true}]}}