{"id":368889,"date":"2024-10-18T00:00:09","date_gmt":"2024-10-18T00:00:09","guid":{"rendered":"https:\/\/irankiuzona.lt\/product\/pjovimo-diskas-metalui-2301-9-mm-inox-2\/"},"modified":"2026-05-11T11:18:29","modified_gmt":"2026-05-11T11:18:29","slug":"pjovimo-diskas-metalui-2301-9-mm-inox-2","status":"publish","type":"product","link":"https:\/\/irankiuzona.lt\/ru\/product\/pjovimo-diskas-metalui-2301-9-mm-inox-2\/","title":{"rendered":"Pjovimo diskas metalui 230*1.9 mm INOX"},"content":{"rendered":"<p>Charakteristika.optimalaus pjovimo grei\u010dio reguliavimo ir a\u0161men\u0173 ilgaam\u017ei\u0161kumo garantija;maksimalus sukimosi greitis 80 m\/s; .pagamintas pagal EN 12413 standart\u0105, kuris garantuoja darb\u0173 saug\u0105;ma\u017eesn\u0117s energijos s\u0105naudos ir didelis pjovimo tikslumas;Ciferblato skersmuo230 mmSkyl\u0117s skersmuo22,2 mm<\/p>","protected":false},"excerpt":{"rendered":"<p>Diskas pagamintas i\u0161 auk\u0161tos kokyb\u0117s, greitaeigi\u0173 korundo gr\u016bdeli\u0173. Skirtas metalui ir ner\u016bdijan\u010diam plienui pjauti kampiniais \u0161lifuokliais.<\/p>","protected":false},"featured_media":255945,"comment_status":"open","ping_status":"open","template":"","meta":[],"product_cat":[9584],"product_tag":[9969],"class_list":{"0":"post-368889","1":"product","2":"type-product","3":"status-publish","4":"has-post-thumbnail","6":"product_brand-hogert-technik-vokietija","7":"product_cat-metalo-pjovimo-diskai","8":"product_tag-hogert-technik-vokietija","10":"first","11":"outofstock","12":"purchasable","13":"product-type-simple"},"jetpack_sharing_enabled":true,"_links":{"self":[{"href":"https:\/\/irankiuzona.lt\/ru\/wp-json\/wp\/v2\/product\/368889","targetHints":{"allow":["GET"]}}],"collection":[{"href":"https:\/\/irankiuzona.lt\/ru\/wp-json\/wp\/v2\/product"}],"about":[{"href":"https:\/\/irankiuzona.lt\/ru\/wp-json\/wp\/v2\/types\/product"}],"replies":[{"embeddable":true,"href":"https:\/\/irankiuzona.lt\/ru\/wp-json\/wp\/v2\/comments?post=368889"}],"version-history":[{"count":1,"href":"https:\/\/irankiuzona.lt\/ru\/wp-json\/wp\/v2\/product\/368889\/revisions"}],"predecessor-version":[{"id":420502,"href":"https:\/\/irankiuzona.lt\/ru\/wp-json\/wp\/v2\/product\/368889\/revisions\/420502"}],"wp:featuredmedia":[{"embeddable":true,"href":"https:\/\/irankiuzona.lt\/ru\/wp-json\/wp\/v2\/media\/255945"}],"wp:attachment":[{"href":"https:\/\/irankiuzona.lt\/ru\/wp-json\/wp\/v2\/media?parent=368889"}],"wp:term":[{"taxonomy":"product_cat","embeddable":true,"href":"https:\/\/irankiuzona.lt\/ru\/wp-json\/wp\/v2\/product_cat?post=368889"},{"taxonomy":"product_tag","embeddable":true,"href":"https:\/\/irankiuzona.lt\/ru\/wp-json\/wp\/v2\/product_tag?post=368889"}],"curies":[{"name":"wp","href":"https:\/\/api.w.org\/{rel}","templated":true}]}}