{"id":368895,"date":"2024-10-18T00:00:11","date_gmt":"2024-10-18T00:00:11","guid":{"rendered":"https:\/\/irankiuzona.lt\/product\/vidiniu-guoliu-nuemejas-10-32mm-5dalys-2\/"},"modified":"2026-04-17T12:53:37","modified_gmt":"2026-04-17T12:53:37","slug":"vidiniu-guoliu-nuemejas-10-32mm-5dalys-2","status":"publish","type":"product","link":"https:\/\/irankiuzona.lt\/ru\/product\/vidiniu-guoliu-nuemejas-10-32mm-5dalys-2\/","title":{"rendered":"Vidini\u0173 guoli\u0173 nu\u0117m\u0117jas 10-32mm \/ 5DALYS"},"content":{"rendered":"<p>\u012e komplekt\u0105 \u012feina:<br \/>\nplaktukas 1 kg4 vnt. adapteriai: 10mm-14mm; 15-19 mm, 18 mm-25 mm; 25-32 mmd\u0117klas<\/p>","protected":false},"excerpt":{"rendered":"<p>Vidini\u0173 guoli\u0173 nu\u0117m\u0117jas 10-32mm \/ 5DALYS<\/p>","protected":false},"featured_media":256010,"comment_status":"open","ping_status":"open","template":"","meta":[],"product_cat":[9533],"product_tag":[],"class_list":{"0":"post-368895","1":"product","2":"type-product","3":"status-publish","4":"has-post-thumbnail","6":"product_cat-vidiniu-guoliu-nuemejai-istraukejai","8":"first","9":"outofstock","10":"purchasable","11":"product-type-simple"},"jetpack_sharing_enabled":true,"_links":{"self":[{"href":"https:\/\/irankiuzona.lt\/ru\/wp-json\/wp\/v2\/product\/368895","targetHints":{"allow":["GET"]}}],"collection":[{"href":"https:\/\/irankiuzona.lt\/ru\/wp-json\/wp\/v2\/product"}],"about":[{"href":"https:\/\/irankiuzona.lt\/ru\/wp-json\/wp\/v2\/types\/product"}],"replies":[{"embeddable":true,"href":"https:\/\/irankiuzona.lt\/ru\/wp-json\/wp\/v2\/comments?post=368895"}],"version-history":[{"count":1,"href":"https:\/\/irankiuzona.lt\/ru\/wp-json\/wp\/v2\/product\/368895\/revisions"}],"predecessor-version":[{"id":420526,"href":"https:\/\/irankiuzona.lt\/ru\/wp-json\/wp\/v2\/product\/368895\/revisions\/420526"}],"wp:featuredmedia":[{"embeddable":true,"href":"https:\/\/irankiuzona.lt\/ru\/wp-json\/wp\/v2\/media\/256010"}],"wp:attachment":[{"href":"https:\/\/irankiuzona.lt\/ru\/wp-json\/wp\/v2\/media?parent=368895"}],"wp:term":[{"taxonomy":"product_cat","embeddable":true,"href":"https:\/\/irankiuzona.lt\/ru\/wp-json\/wp\/v2\/product_cat?post=368895"},{"taxonomy":"product_tag","embeddable":true,"href":"https:\/\/irankiuzona.lt\/ru\/wp-json\/wp\/v2\/product_tag?post=368895"}],"curies":[{"name":"wp","href":"https:\/\/api.w.org\/{rel}","templated":true}]}}