{"id":368907,"date":"2024-10-18T00:00:13","date_gmt":"2024-10-18T00:00:13","guid":{"rendered":"https:\/\/irankiuzona.lt\/product\/pneumatinis-irankis-pusasiu-gumoms-montuoti-4\/"},"modified":"2026-05-14T17:10:03","modified_gmt":"2026-05-14T17:10:03","slug":"pneumatinis-irankis-pusasiu-gumoms-montuoti-4","status":"publish","type":"product","link":"https:\/\/irankiuzona.lt\/ru\/product\/pneumatinis-irankis-pusasiu-gumoms-montuoti-4\/","title":{"rendered":"Pneumatinis \u012frankis pusa\u0161i\u0173 gumoms montuoti"},"content":{"rendered":"<p>Techniniai duomenys:Skirtas naudoti, tik su universaliomis pusa\u0161i\u0173 gumomis.20-115 mm0,9 MPa1\/2<\/p>","protected":false},"excerpt":{"rendered":"<p>Pneumatinis \u012frankis pusa\u0161i\u0173 gumoms montuoti<\/p>","protected":false},"featured_media":256115,"comment_status":"open","ping_status":"open","template":"","meta":[],"product_cat":[9764],"product_tag":[],"class_list":{"0":"post-368907","1":"product","2":"type-product","3":"status-publish","4":"has-post-thumbnail","6":"product_cat-irankiai-granatoms-pusasiu-gumoms-savarzos","8":"first","9":"outofstock","10":"purchasable","11":"product-type-simple"},"jetpack_sharing_enabled":true,"_links":{"self":[{"href":"https:\/\/irankiuzona.lt\/ru\/wp-json\/wp\/v2\/product\/368907","targetHints":{"allow":["GET"]}}],"collection":[{"href":"https:\/\/irankiuzona.lt\/ru\/wp-json\/wp\/v2\/product"}],"about":[{"href":"https:\/\/irankiuzona.lt\/ru\/wp-json\/wp\/v2\/types\/product"}],"replies":[{"embeddable":true,"href":"https:\/\/irankiuzona.lt\/ru\/wp-json\/wp\/v2\/comments?post=368907"}],"version-history":[{"count":1,"href":"https:\/\/irankiuzona.lt\/ru\/wp-json\/wp\/v2\/product\/368907\/revisions"}],"predecessor-version":[{"id":420561,"href":"https:\/\/irankiuzona.lt\/ru\/wp-json\/wp\/v2\/product\/368907\/revisions\/420561"}],"wp:featuredmedia":[{"embeddable":true,"href":"https:\/\/irankiuzona.lt\/ru\/wp-json\/wp\/v2\/media\/256115"}],"wp:attachment":[{"href":"https:\/\/irankiuzona.lt\/ru\/wp-json\/wp\/v2\/media?parent=368907"}],"wp:term":[{"taxonomy":"product_cat","embeddable":true,"href":"https:\/\/irankiuzona.lt\/ru\/wp-json\/wp\/v2\/product_cat?post=368907"},{"taxonomy":"product_tag","embeddable":true,"href":"https:\/\/irankiuzona.lt\/ru\/wp-json\/wp\/v2\/product_tag?post=368907"}],"curies":[{"name":"wp","href":"https:\/\/api.w.org\/{rel}","templated":true}]}}