{"id":368909,"date":"2024-10-18T00:00:13","date_gmt":"2024-10-18T00:00:13","guid":{"rendered":"https:\/\/irankiuzona.lt\/product\/pneumatinis-tepalo-uzpylimo-issiurbimo-komplektas-atf-adapteriai-3\/"},"modified":"2026-05-14T16:13:56","modified_gmt":"2026-05-14T16:13:56","slug":"pneumatinis-tepalo-uzpylimo-issiurbimo-komplektas-atf-adapteriai-3","status":"publish","type":"product","link":"https:\/\/irankiuzona.lt\/ru\/product\/pneumatinis-tepalo-uzpylimo-issiurbimo-komplektas-atf-adapteriai-3\/","title":{"rendered":"PNEUMATINIS TEPALO U\u017dPYLIMO-I\u0160SIURBIMO KOMPLEKTAS \/ ATF ADAPTERIAI"},"content":{"rendered":"<p>Adapteriai:<br \/>\n140 x 45 mm &#8211; BMW150 x 30 mm &#8211; VAG120 tiesi\u0173 sriegi\u0173 \u201eFord\u201c100 tiesios, sriegiuotos VAG5\/16 x 24 sriegis VOLVOM8 X 1.0 sriegis, skirtas INFINITY, su 7 grei\u010di\u0173 automatine pavar\u0173 d\u0117\u017eeM10 x 1,0 sriegis, skirtas VW \/ AUDI. MINI COOPERISM10 \/ M15 X 1.0 VW \/ PASSAT IR TIGUAN po 2007 mM12 x 1,5 sriegis skirtas \u201eMercedes-Benz\u201c su 7 grei\u010di\u0173 automatine pavar\u0173 d\u0117\u017eeM18 x 1,5 TOYOTA \/ LEXUSM24 x 1,5 sriegis, skirtas VAG su DSG automatin\u0117mis pavar\u0173 d\u0117\u017e\u0117misM22 x 1,5 sriegis VAG su automatin\u0117mis CVT transmisijomisM30X 1.5 SKODANegalima naudoti su degalais ir tirpikliais!<\/p>","protected":false},"excerpt":{"rendered":"<p>PNEUMATINIS TEPALO U\u017dPYLIMO-I\u0160SIURBIMO KOMPLEKTAS \/ ATF ADAPTERIAI<\/p>","protected":false},"featured_media":256124,"comment_status":"open","ping_status":"open","template":"","meta":[],"product_cat":[10031],"product_tag":[],"class_list":{"0":"post-368909","1":"product","2":"type-product","3":"status-publish","4":"has-post-thumbnail","6":"product_cat-tepalo-uzpildymo-surinkimo-iranga-talpos-tepalams","8":"first","9":"outofstock","10":"purchasable","11":"product-type-simple"},"jetpack_sharing_enabled":true,"_links":{"self":[{"href":"https:\/\/irankiuzona.lt\/ru\/wp-json\/wp\/v2\/product\/368909","targetHints":{"allow":["GET"]}}],"collection":[{"href":"https:\/\/irankiuzona.lt\/ru\/wp-json\/wp\/v2\/product"}],"about":[{"href":"https:\/\/irankiuzona.lt\/ru\/wp-json\/wp\/v2\/types\/product"}],"replies":[{"embeddable":true,"href":"https:\/\/irankiuzona.lt\/ru\/wp-json\/wp\/v2\/comments?post=368909"}],"version-history":[{"count":1,"href":"https:\/\/irankiuzona.lt\/ru\/wp-json\/wp\/v2\/product\/368909\/revisions"}],"predecessor-version":[{"id":420564,"href":"https:\/\/irankiuzona.lt\/ru\/wp-json\/wp\/v2\/product\/368909\/revisions\/420564"}],"wp:featuredmedia":[{"embeddable":true,"href":"https:\/\/irankiuzona.lt\/ru\/wp-json\/wp\/v2\/media\/256124"}],"wp:attachment":[{"href":"https:\/\/irankiuzona.lt\/ru\/wp-json\/wp\/v2\/media?parent=368909"}],"wp:term":[{"taxonomy":"product_cat","embeddable":true,"href":"https:\/\/irankiuzona.lt\/ru\/wp-json\/wp\/v2\/product_cat?post=368909"},{"taxonomy":"product_tag","embeddable":true,"href":"https:\/\/irankiuzona.lt\/ru\/wp-json\/wp\/v2\/product_tag?post=368909"}],"curies":[{"name":"wp","href":"https:\/\/api.w.org\/{rel}","templated":true}]}}