{"id":368915,"date":"2024-10-18T00:00:16","date_gmt":"2024-10-18T00:00:16","guid":{"rendered":"https:\/\/irankiuzona.lt\/product\/grezimo-karuna-betonui-sds-80mm-2\/"},"modified":"2026-05-14T20:35:44","modified_gmt":"2026-05-14T20:35:44","slug":"grezimo-karuna-betonui-sds-80mm-2","status":"publish","type":"product","link":"https:\/\/irankiuzona.lt\/ru\/product\/grezimo-karuna-betonui-sds-80mm-2\/","title":{"rendered":"GR\u0118\u017dIMO KAR\u016aNA BETONUI SDS 80MM"},"content":{"rendered":"<p>Hole-saw drill bits are designed to bore holes in hard concrete materials. Characteristics .. 6cemented carbide drill bits made of YG11C tungsten carbide, profiled and installed at an angle that enhances the efficiency of boring; .. body of the hole-saw drill bit made of high-quality CrV40 alloy steel;profiled body that enhances the efficiency of evacuating bore dust during drilling; .. additional enlarged diameters of 67mm and 83mm facilitate further installation of boxes in walls; .. handy plastic tube makes storage a lot more convenient.<\/p>","protected":false},"excerpt":{"rendered":"<p>GR\u0118\u017dIMO KAR\u016aNA BETONUI SDS 80MM<\/p>","protected":false},"featured_media":256275,"comment_status":"open","ping_status":"open","template":"","meta":[],"product_cat":[9642],"product_tag":[9969],"class_list":{"0":"post-368915","1":"product","2":"type-product","3":"status-publish","4":"has-post-thumbnail","6":"product_brand-hogert-technik-vokietija","7":"product_cat-grezimo-karunos-betonui-murui","8":"product_tag-hogert-technik-vokietija","10":"first","11":"instock","12":"purchasable","13":"product-type-simple"},"jetpack_sharing_enabled":true,"_links":{"self":[{"href":"https:\/\/irankiuzona.lt\/ru\/wp-json\/wp\/v2\/product\/368915","targetHints":{"allow":["GET"]}}],"collection":[{"href":"https:\/\/irankiuzona.lt\/ru\/wp-json\/wp\/v2\/product"}],"about":[{"href":"https:\/\/irankiuzona.lt\/ru\/wp-json\/wp\/v2\/types\/product"}],"replies":[{"embeddable":true,"href":"https:\/\/irankiuzona.lt\/ru\/wp-json\/wp\/v2\/comments?post=368915"}],"version-history":[{"count":1,"href":"https:\/\/irankiuzona.lt\/ru\/wp-json\/wp\/v2\/product\/368915\/revisions"}],"predecessor-version":[{"id":420610,"href":"https:\/\/irankiuzona.lt\/ru\/wp-json\/wp\/v2\/product\/368915\/revisions\/420610"}],"wp:featuredmedia":[{"embeddable":true,"href":"https:\/\/irankiuzona.lt\/ru\/wp-json\/wp\/v2\/media\/256275"}],"wp:attachment":[{"href":"https:\/\/irankiuzona.lt\/ru\/wp-json\/wp\/v2\/media?parent=368915"}],"wp:term":[{"taxonomy":"product_cat","embeddable":true,"href":"https:\/\/irankiuzona.lt\/ru\/wp-json\/wp\/v2\/product_cat?post=368915"},{"taxonomy":"product_tag","embeddable":true,"href":"https:\/\/irankiuzona.lt\/ru\/wp-json\/wp\/v2\/product_tag?post=368915"}],"curies":[{"name":"wp","href":"https:\/\/api.w.org\/{rel}","templated":true}]}}