{"id":368921,"date":"2024-10-18T00:00:18","date_gmt":"2024-10-18T00:00:18","guid":{"rendered":"https:\/\/irankiuzona.lt\/product\/terksliniu-raktu-komplektas-8-19-mm-6\/"},"modified":"2026-05-15T00:56:32","modified_gmt":"2026-05-15T00:56:32","slug":"terksliniu-raktu-komplektas-8-19-mm-6","status":"publish","type":"product","link":"https:\/\/irankiuzona.lt\/ru\/product\/terksliniu-raktu-komplektas-8-19-mm-6\/","title":{"rendered":"Terk\u0161lini\u0173 rakt\u0173 komplektas (8-19 mm)"},"content":{"rendered":"<p>CHROME VANADIUM CRV8mm, 10mm, 12mm, 13mm, 14mm, 17mm, 19mm<\/p>","protected":false},"excerpt":{"rendered":"<p>Terk\u0161lini\u0173 rakt\u0173 komplektas (8-19 mm)<\/p>","protected":false},"featured_media":256464,"comment_status":"open","ping_status":"open","template":"","meta":[],"product_cat":[9610],"product_tag":[10087],"class_list":{"0":"post-368921","1":"product","2":"type-product","3":"status-publish","4":"has-post-thumbnail","6":"product_brand-verke","7":"product_cat-terksliniu-raktu-komplektai","8":"product_tag-verke","10":"first","11":"outofstock","12":"purchasable","13":"product-type-simple"},"jetpack_sharing_enabled":true,"_links":{"self":[{"href":"https:\/\/irankiuzona.lt\/ru\/wp-json\/wp\/v2\/product\/368921","targetHints":{"allow":["GET"]}}],"collection":[{"href":"https:\/\/irankiuzona.lt\/ru\/wp-json\/wp\/v2\/product"}],"about":[{"href":"https:\/\/irankiuzona.lt\/ru\/wp-json\/wp\/v2\/types\/product"}],"replies":[{"embeddable":true,"href":"https:\/\/irankiuzona.lt\/ru\/wp-json\/wp\/v2\/comments?post=368921"}],"version-history":[{"count":1,"href":"https:\/\/irankiuzona.lt\/ru\/wp-json\/wp\/v2\/product\/368921\/revisions"}],"predecessor-version":[{"id":420673,"href":"https:\/\/irankiuzona.lt\/ru\/wp-json\/wp\/v2\/product\/368921\/revisions\/420673"}],"wp:featuredmedia":[{"embeddable":true,"href":"https:\/\/irankiuzona.lt\/ru\/wp-json\/wp\/v2\/media\/256464"}],"wp:attachment":[{"href":"https:\/\/irankiuzona.lt\/ru\/wp-json\/wp\/v2\/media?parent=368921"}],"wp:term":[{"taxonomy":"product_cat","embeddable":true,"href":"https:\/\/irankiuzona.lt\/ru\/wp-json\/wp\/v2\/product_cat?post=368921"},{"taxonomy":"product_tag","embeddable":true,"href":"https:\/\/irankiuzona.lt\/ru\/wp-json\/wp\/v2\/product_tag?post=368921"}],"curies":[{"name":"wp","href":"https:\/\/api.w.org\/{rel}","templated":true}]}}