{"id":368955,"date":"2024-10-18T00:00:25","date_gmt":"2024-10-18T00:00:25","guid":{"rendered":"https:\/\/irankiuzona.lt\/product\/pistoletas-praputimui-200mm-3\/"},"modified":"2026-05-15T01:46:55","modified_gmt":"2026-05-15T01:46:55","slug":"pistoletas-praputimui-200mm-3","status":"publish","type":"product","link":"https:\/\/irankiuzona.lt\/ru\/product\/pistoletas-praputimui-200mm-3\/","title":{"rendered":"Pistoletas prap\u016btimui 200mm"},"content":{"rendered":"<p>Sukurta pa\u0161alinti ter\u0161alus i\u0161 \u012frengini\u0173 ir mechanizm\u0173 susl\u0117gto oro srove.Komplektuojamas su plieniniu antgaliu.\u012erengta greitai nuimama jungtis, kurios jungties dydis 1\/4.<\/p>","protected":false},"excerpt":{"rendered":"<p>Prap\u016btimo pistoletas prailgintas 200mm<\/p>","protected":false},"featured_media":256893,"comment_status":"open","ping_status":"open","template":"","meta":[],"product_cat":[9737],"product_tag":[9898],"class_list":{"0":"post-368955","1":"product","2":"type-product","3":"status-publish","4":"has-post-thumbnail","6":"product_brand-avtodelo","7":"product_cat-pistoletai-praputimui","8":"product_tag-avtodelo","10":"first","11":"outofstock","12":"purchasable","13":"product-type-simple"},"jetpack_sharing_enabled":true,"_links":{"self":[{"href":"https:\/\/irankiuzona.lt\/ru\/wp-json\/wp\/v2\/product\/368955","targetHints":{"allow":["GET"]}}],"collection":[{"href":"https:\/\/irankiuzona.lt\/ru\/wp-json\/wp\/v2\/product"}],"about":[{"href":"https:\/\/irankiuzona.lt\/ru\/wp-json\/wp\/v2\/types\/product"}],"replies":[{"embeddable":true,"href":"https:\/\/irankiuzona.lt\/ru\/wp-json\/wp\/v2\/comments?post=368955"}],"version-history":[{"count":1,"href":"https:\/\/irankiuzona.lt\/ru\/wp-json\/wp\/v2\/product\/368955\/revisions"}],"predecessor-version":[{"id":420799,"href":"https:\/\/irankiuzona.lt\/ru\/wp-json\/wp\/v2\/product\/368955\/revisions\/420799"}],"wp:featuredmedia":[{"embeddable":true,"href":"https:\/\/irankiuzona.lt\/ru\/wp-json\/wp\/v2\/media\/256893"}],"wp:attachment":[{"href":"https:\/\/irankiuzona.lt\/ru\/wp-json\/wp\/v2\/media?parent=368955"}],"wp:term":[{"taxonomy":"product_cat","embeddable":true,"href":"https:\/\/irankiuzona.lt\/ru\/wp-json\/wp\/v2\/product_cat?post=368955"},{"taxonomy":"product_tag","embeddable":true,"href":"https:\/\/irankiuzona.lt\/ru\/wp-json\/wp\/v2\/product_tag?post=368955"}],"curies":[{"name":"wp","href":"https:\/\/api.w.org\/{rel}","templated":true}]}}