{"id":368963,"date":"2024-10-18T00:00:28","date_gmt":"2024-10-18T00:00:28","guid":{"rendered":"https:\/\/irankiuzona.lt\/product\/atrama-750kg-1360-2030mm-2\/"},"modified":"2026-04-16T13:27:55","modified_gmt":"2026-04-16T13:27:55","slug":"atrama-750kg-1360-2030mm-2","status":"publish","type":"product","link":"https:\/\/irankiuzona.lt\/ru\/product\/atrama-750kg-1360-2030mm-2\/","title":{"rendered":"Atrama 750kg \/ 1360-2030mm"},"content":{"rendered":"<p>\u2022 Galia: 0,75t\u2022 Var\u017eto ilgis: 700mm\u2022 Minimalus auk\u0161tis: 1360 mm\u2022 Maksimalus auk\u0161tis: 2030mm\u2022 Svoris: 14 kg<\/p>","protected":false},"excerpt":{"rendered":"<p>Tvirtinimo atrama reguliuojamo auk\u0161\u010dio: transmisijai, varikliui iki 750kg. Stovas po automobiliu 2metr\u0173 auk\u0161\u010dio iki 750kg<\/p>","protected":false},"featured_media":257107,"comment_status":"open","ping_status":"open","template":"","meta":[],"product_cat":[9929],"product_tag":[9435],"class_list":{"0":"post-368963","1":"product","2":"type-product","3":"status-publish","4":"has-post-thumbnail","6":"product_brand-kinija","7":"product_cat-keltuvai-greiciu-dezems","8":"product_tag-kinija","10":"first","11":"outofstock","12":"purchasable","13":"product-type-simple"},"jetpack_sharing_enabled":true,"_links":{"self":[{"href":"https:\/\/irankiuzona.lt\/ru\/wp-json\/wp\/v2\/product\/368963","targetHints":{"allow":["GET"]}}],"collection":[{"href":"https:\/\/irankiuzona.lt\/ru\/wp-json\/wp\/v2\/product"}],"about":[{"href":"https:\/\/irankiuzona.lt\/ru\/wp-json\/wp\/v2\/types\/product"}],"replies":[{"embeddable":true,"href":"https:\/\/irankiuzona.lt\/ru\/wp-json\/wp\/v2\/comments?post=368963"}],"version-history":[{"count":1,"href":"https:\/\/irankiuzona.lt\/ru\/wp-json\/wp\/v2\/product\/368963\/revisions"}],"predecessor-version":[{"id":420861,"href":"https:\/\/irankiuzona.lt\/ru\/wp-json\/wp\/v2\/product\/368963\/revisions\/420861"}],"wp:featuredmedia":[{"embeddable":true,"href":"https:\/\/irankiuzona.lt\/ru\/wp-json\/wp\/v2\/media\/257107"}],"wp:attachment":[{"href":"https:\/\/irankiuzona.lt\/ru\/wp-json\/wp\/v2\/media?parent=368963"}],"wp:term":[{"taxonomy":"product_cat","embeddable":true,"href":"https:\/\/irankiuzona.lt\/ru\/wp-json\/wp\/v2\/product_cat?post=368963"},{"taxonomy":"product_tag","embeddable":true,"href":"https:\/\/irankiuzona.lt\/ru\/wp-json\/wp\/v2\/product_tag?post=368963"}],"curies":[{"name":"wp","href":"https:\/\/api.w.org\/{rel}","templated":true}]}}