{"id":368967,"date":"2024-10-18T00:00:30","date_gmt":"2024-10-18T00:00:30","guid":{"rendered":"https:\/\/irankiuzona.lt\/product\/oblius-kebulo-lyginimui-350-mm-2\/"},"modified":"2026-04-16T04:23:48","modified_gmt":"2026-04-16T04:23:48","slug":"oblius-kebulo-lyginimui-350-mm-2","status":"publish","type":"product","link":"https:\/\/irankiuzona.lt\/ru\/product\/oblius-kebulo-lyginimui-350-mm-2\/","title":{"rendered":"Oblius k\u0117bulo lyginimui 350 mm"},"content":{"rendered":"<p>Oblius k\u0117bulo lyginimui 350mm gel\u0119\u017et\u0117ms (komplekte tik oblius)<\/p>","protected":false},"excerpt":{"rendered":"<p>Oblius k\u0117bulo lyginimui 350 mm<\/p>","protected":false},"featured_media":257302,"comment_status":"open","ping_status":"open","template":"","meta":[],"product_cat":[9556],"product_tag":[],"class_list":{"0":"post-368967","1":"product","2":"type-product","3":"status-publish","4":"has-post-thumbnail","6":"product_cat-irankiai-kebulo-lyginimui","8":"first","9":"outofstock","10":"purchasable","11":"product-type-simple"},"jetpack_sharing_enabled":true,"_links":{"self":[{"href":"https:\/\/irankiuzona.lt\/ru\/wp-json\/wp\/v2\/product\/368967","targetHints":{"allow":["GET"]}}],"collection":[{"href":"https:\/\/irankiuzona.lt\/ru\/wp-json\/wp\/v2\/product"}],"about":[{"href":"https:\/\/irankiuzona.lt\/ru\/wp-json\/wp\/v2\/types\/product"}],"replies":[{"embeddable":true,"href":"https:\/\/irankiuzona.lt\/ru\/wp-json\/wp\/v2\/comments?post=368967"}],"version-history":[{"count":1,"href":"https:\/\/irankiuzona.lt\/ru\/wp-json\/wp\/v2\/product\/368967\/revisions"}],"predecessor-version":[{"id":420926,"href":"https:\/\/irankiuzona.lt\/ru\/wp-json\/wp\/v2\/product\/368967\/revisions\/420926"}],"wp:featuredmedia":[{"embeddable":true,"href":"https:\/\/irankiuzona.lt\/ru\/wp-json\/wp\/v2\/media\/257302"}],"wp:attachment":[{"href":"https:\/\/irankiuzona.lt\/ru\/wp-json\/wp\/v2\/media?parent=368967"}],"wp:term":[{"taxonomy":"product_cat","embeddable":true,"href":"https:\/\/irankiuzona.lt\/ru\/wp-json\/wp\/v2\/product_cat?post=368967"},{"taxonomy":"product_tag","embeddable":true,"href":"https:\/\/irankiuzona.lt\/ru\/wp-json\/wp\/v2\/product_tag?post=368967"}],"curies":[{"name":"wp","href":"https:\/\/api.w.org\/{rel}","templated":true}]}}