{"id":369003,"date":"2024-10-18T00:00:43","date_gmt":"2024-10-18T00:00:43","guid":{"rendered":"https:\/\/irankiuzona.lt\/product\/elektrinis-dazymo-pistoletas-1000ml-450w-2\/"},"modified":"2026-04-14T13:21:41","modified_gmt":"2026-04-14T13:21:41","slug":"elektrinis-dazymo-pistoletas-1000ml-450w-2","status":"publish","type":"product","link":"https:\/\/irankiuzona.lt\/ru\/product\/elektrinis-dazymo-pistoletas-1000ml-450w-2\/","title":{"rendered":"Elektrinis da\u017eymo pistoletas 1000ml 450W"},"content":{"rendered":"<p>Purk\u0161tuko anga: 4 mmOro i\u0161leidimas: 150-200 mmDarbinis sl\u0117gis: 2-5 psiSkys\u010dio tiekimas: 1000-1200 l\/minTalpa: 1000 ml<\/p>","protected":false},"excerpt":{"rendered":"<p>Elektrinis da\u017eymo pistoletas 1000ml 450W<\/p>","protected":false},"featured_media":258170,"comment_status":"open","ping_status":"open","template":"","meta":[],"product_cat":[10125],"product_tag":[10104],"class_list":{"0":"post-369003","1":"product","2":"type-product","3":"status-publish","4":"has-post-thumbnail","6":"product_brand-kraftdele","7":"product_cat-elektriniai-dazymo-irankiai","8":"product_tag-kraftdele","10":"first","11":"outofstock","12":"purchasable","13":"product-type-simple"},"jetpack_sharing_enabled":true,"_links":{"self":[{"href":"https:\/\/irankiuzona.lt\/ru\/wp-json\/wp\/v2\/product\/369003","targetHints":{"allow":["GET"]}}],"collection":[{"href":"https:\/\/irankiuzona.lt\/ru\/wp-json\/wp\/v2\/product"}],"about":[{"href":"https:\/\/irankiuzona.lt\/ru\/wp-json\/wp\/v2\/types\/product"}],"replies":[{"embeddable":true,"href":"https:\/\/irankiuzona.lt\/ru\/wp-json\/wp\/v2\/comments?post=369003"}],"version-history":[{"count":1,"href":"https:\/\/irankiuzona.lt\/ru\/wp-json\/wp\/v2\/product\/369003\/revisions"}],"predecessor-version":[{"id":421204,"href":"https:\/\/irankiuzona.lt\/ru\/wp-json\/wp\/v2\/product\/369003\/revisions\/421204"}],"wp:featuredmedia":[{"embeddable":true,"href":"https:\/\/irankiuzona.lt\/ru\/wp-json\/wp\/v2\/media\/258170"}],"wp:attachment":[{"href":"https:\/\/irankiuzona.lt\/ru\/wp-json\/wp\/v2\/media?parent=369003"}],"wp:term":[{"taxonomy":"product_cat","embeddable":true,"href":"https:\/\/irankiuzona.lt\/ru\/wp-json\/wp\/v2\/product_cat?post=369003"},{"taxonomy":"product_tag","embeddable":true,"href":"https:\/\/irankiuzona.lt\/ru\/wp-json\/wp\/v2\/product_tag?post=369003"}],"curies":[{"name":"wp","href":"https:\/\/api.w.org\/{rel}","templated":true}]}}