{"id":369017,"date":"2024-10-18T00:00:46","date_gmt":"2024-10-18T00:00:46","guid":{"rendered":"https:\/\/irankiuzona.lt\/product\/stabdziu-suportu-remonto-komplektas-18-daliu-4\/"},"modified":"2026-05-09T11:00:08","modified_gmt":"2026-05-09T11:00:08","slug":"stabdziu-suportu-remonto-komplektas-18-daliu-4","status":"publish","type":"product","link":"https:\/\/irankiuzona.lt\/ru\/product\/stabdziu-suportu-remonto-komplektas-18-daliu-4\/","title":{"rendered":"Stabd\u017ei\u0173 suport\u0173 remonto komplektas 18 dali\u0173"},"content":{"rendered":"","protected":false},"excerpt":{"rendered":"<p>Stabd\u017ei\u0173 suport\u0173 remonto komplektas 18 dali\u0173<\/p>","protected":false},"featured_media":258348,"comment_status":"open","ping_status":"open","template":"","meta":[],"product_cat":[9540],"product_tag":[10104],"class_list":{"0":"post-369017","1":"product","2":"type-product","3":"status-publish","4":"has-post-thumbnail","6":"product_brand-kraftdele","7":"product_cat-suportu-remonto-irankiai","8":"product_tag-kraftdele","10":"first","11":"outofstock","12":"purchasable","13":"product-type-simple"},"jetpack_sharing_enabled":true,"_links":{"self":[{"href":"https:\/\/irankiuzona.lt\/ru\/wp-json\/wp\/v2\/product\/369017","targetHints":{"allow":["GET"]}}],"collection":[{"href":"https:\/\/irankiuzona.lt\/ru\/wp-json\/wp\/v2\/product"}],"about":[{"href":"https:\/\/irankiuzona.lt\/ru\/wp-json\/wp\/v2\/types\/product"}],"replies":[{"embeddable":true,"href":"https:\/\/irankiuzona.lt\/ru\/wp-json\/wp\/v2\/comments?post=369017"}],"version-history":[{"count":1,"href":"https:\/\/irankiuzona.lt\/ru\/wp-json\/wp\/v2\/product\/369017\/revisions"}],"predecessor-version":[{"id":421265,"href":"https:\/\/irankiuzona.lt\/ru\/wp-json\/wp\/v2\/product\/369017\/revisions\/421265"}],"wp:featuredmedia":[{"embeddable":true,"href":"https:\/\/irankiuzona.lt\/ru\/wp-json\/wp\/v2\/media\/258348"}],"wp:attachment":[{"href":"https:\/\/irankiuzona.lt\/ru\/wp-json\/wp\/v2\/media?parent=369017"}],"wp:term":[{"taxonomy":"product_cat","embeddable":true,"href":"https:\/\/irankiuzona.lt\/ru\/wp-json\/wp\/v2\/product_cat?post=369017"},{"taxonomy":"product_tag","embeddable":true,"href":"https:\/\/irankiuzona.lt\/ru\/wp-json\/wp\/v2\/product_tag?post=369017"}],"curies":[{"name":"wp","href":"https:\/\/api.w.org\/{rel}","templated":true}]}}