{"id":369019,"date":"2024-10-18T00:00:46","date_gmt":"2024-10-18T00:00:46","guid":{"rendered":"https:\/\/irankiuzona.lt\/product\/prozektorius-t6led4xq5led-ant-galvos-ikraunamas-2\/"},"modified":"2026-05-14T17:12:28","modified_gmt":"2026-05-14T17:12:28","slug":"prozektorius-t6led4xq5led-ant-galvos-ikraunamas-2","status":"publish","type":"product","link":"https:\/\/irankiuzona.lt\/ru\/product\/prozektorius-t6led4xq5led-ant-galvos-ikraunamas-2\/","title":{"rendered":"Pro\u017eektorius T6LED+4xQ5LED ant galvos, \u012fkraunamas"},"content":{"rendered":"<p>Lempa: 1 * T6 LED + 4 * Q5 LEDAp\u0161vietimo re\u017eimai: 4 (stiprus, silpnas, blyksniai, SOS)Priartinimas: 1x-2000xBaterijos: 2 x 18650Atsparus vandeniui: IPX45Med\u017eiaga: aliuminis + ABSMa\u017eas akumuliatoriaus energijos suvartojimas<\/p>","protected":false},"excerpt":{"rendered":"<p>Pro\u017eektorius T6LED+4xQ5LED ant galvos, \u012fkraunamas<\/p>","protected":false},"featured_media":258357,"comment_status":"open","ping_status":"open","template":"","meta":[],"product_cat":[9830],"product_tag":[10104],"class_list":{"0":"post-369019","1":"product","2":"type-product","3":"status-publish","4":"has-post-thumbnail","6":"product_brand-kraftdele","7":"product_cat-lempos-ant-galvos","8":"product_tag-kraftdele","10":"first","11":"instock","12":"purchasable","13":"product-type-simple"},"jetpack_sharing_enabled":true,"_links":{"self":[{"href":"https:\/\/irankiuzona.lt\/ru\/wp-json\/wp\/v2\/product\/369019","targetHints":{"allow":["GET"]}}],"collection":[{"href":"https:\/\/irankiuzona.lt\/ru\/wp-json\/wp\/v2\/product"}],"about":[{"href":"https:\/\/irankiuzona.lt\/ru\/wp-json\/wp\/v2\/types\/product"}],"replies":[{"embeddable":true,"href":"https:\/\/irankiuzona.lt\/ru\/wp-json\/wp\/v2\/comments?post=369019"}],"version-history":[{"count":1,"href":"https:\/\/irankiuzona.lt\/ru\/wp-json\/wp\/v2\/product\/369019\/revisions"}],"predecessor-version":[{"id":421268,"href":"https:\/\/irankiuzona.lt\/ru\/wp-json\/wp\/v2\/product\/369019\/revisions\/421268"}],"wp:featuredmedia":[{"embeddable":true,"href":"https:\/\/irankiuzona.lt\/ru\/wp-json\/wp\/v2\/media\/258357"}],"wp:attachment":[{"href":"https:\/\/irankiuzona.lt\/ru\/wp-json\/wp\/v2\/media?parent=369019"}],"wp:term":[{"taxonomy":"product_cat","embeddable":true,"href":"https:\/\/irankiuzona.lt\/ru\/wp-json\/wp\/v2\/product_cat?post=369019"},{"taxonomy":"product_tag","embeddable":true,"href":"https:\/\/irankiuzona.lt\/ru\/wp-json\/wp\/v2\/product_tag?post=369019"}],"curies":[{"name":"wp","href":"https:\/\/api.w.org\/{rel}","templated":true}]}}