{"id":369031,"date":"2024-10-18T00:00:50","date_gmt":"2024-10-18T00:00:50","guid":{"rendered":"https:\/\/irankiuzona.lt\/product\/terksliniu-e-profil-raktu-vartomu-galu-komplektas-e6-e24-2\/"},"modified":"2026-05-15T16:34:02","modified_gmt":"2026-05-15T16:34:02","slug":"terksliniu-e-profil-raktu-vartomu-galu-komplektas-e6-e24-2","status":"publish","type":"product","link":"https:\/\/irankiuzona.lt\/ru\/product\/terksliniu-e-profil-raktu-vartomu-galu-komplektas-e6-e24-2\/","title":{"rendered":"Terk\u0161lini\u0173 E-profil rakt\u0173 vartomu galu komplektas E6-E24"},"content":{"rendered":"<p>1 dvigubas reketinis ver\u017eliaraktis su E tipo \u017eiedo galvute, E6 &#8211; E8, ilgis 186 mm1 dvigubas reketinis ver\u017eliaraktis su E tipo \u017eiedo galvute, E10 &#8211; E14, ilgis 200 mm1 dvigubas reketinis ver\u017eliaraktis su E tipo \u017eiedo galvute, E14 &#8211; E18, ilgis 238 mm1 dvigubas reketinis ver\u017eliaraktis su E tipo \u017eiedo galvute, E20 &#8211; E24, ilgis 265 mm<\/p>","protected":false},"excerpt":{"rendered":"<p>Terk\u0161lini\u0173 E-profil rakt\u0173 vartomu galu komplektas E6-E24<\/p>","protected":false},"featured_media":258698,"comment_status":"open","ping_status":"open","template":"","meta":[],"product_cat":[9622],"product_tag":[9845],"class_list":{"0":"post-369031","1":"product","2":"type-product","3":"status-publish","4":"has-post-thumbnail","6":"product_brand-vokietija-germany","7":"product_cat-lankstomi-terksliniai-raktai","8":"product_tag-vokietija-germany","10":"first","11":"instock","12":"purchasable","13":"product-type-simple"},"jetpack_sharing_enabled":true,"_links":{"self":[{"href":"https:\/\/irankiuzona.lt\/ru\/wp-json\/wp\/v2\/product\/369031","targetHints":{"allow":["GET"]}}],"collection":[{"href":"https:\/\/irankiuzona.lt\/ru\/wp-json\/wp\/v2\/product"}],"about":[{"href":"https:\/\/irankiuzona.lt\/ru\/wp-json\/wp\/v2\/types\/product"}],"replies":[{"embeddable":true,"href":"https:\/\/irankiuzona.lt\/ru\/wp-json\/wp\/v2\/comments?post=369031"}],"version-history":[{"count":1,"href":"https:\/\/irankiuzona.lt\/ru\/wp-json\/wp\/v2\/product\/369031\/revisions"}],"predecessor-version":[{"id":421376,"href":"https:\/\/irankiuzona.lt\/ru\/wp-json\/wp\/v2\/product\/369031\/revisions\/421376"}],"wp:featuredmedia":[{"embeddable":true,"href":"https:\/\/irankiuzona.lt\/ru\/wp-json\/wp\/v2\/media\/258698"}],"wp:attachment":[{"href":"https:\/\/irankiuzona.lt\/ru\/wp-json\/wp\/v2\/media?parent=369031"}],"wp:term":[{"taxonomy":"product_cat","embeddable":true,"href":"https:\/\/irankiuzona.lt\/ru\/wp-json\/wp\/v2\/product_cat?post=369031"},{"taxonomy":"product_tag","embeddable":true,"href":"https:\/\/irankiuzona.lt\/ru\/wp-json\/wp\/v2\/product_tag?post=369031"}],"curies":[{"name":"wp","href":"https:\/\/api.w.org\/{rel}","templated":true}]}}