{"id":369035,"date":"2024-10-18T00:00:52","date_gmt":"2024-10-18T00:00:52","guid":{"rendered":"https:\/\/irankiuzona.lt\/product\/smugine-galvute-1-2-ilga-32mm-12-kampe-2\/"},"modified":"2026-05-15T17:24:01","modified_gmt":"2026-05-15T17:24:01","slug":"smugine-galvute-1-2-ilga-32mm-12-kampe-2","status":"publish","type":"product","link":"https:\/\/irankiuzona.lt\/ru\/product\/smugine-galvute-1-2-ilga-32mm-12-kampe-2\/","title":{"rendered":"SM\u016aGIN\u0116 GALVUT\u0116 1\/2 ILGA 32MM 12-KAMP\u0116"},"content":{"rendered":"<p>1\/2&quot; 12 kamp\u0173 32mm, ilga.<\/p>","protected":false},"excerpt":{"rendered":"<p>GALVUT\u0116 1\/2 32MM ILGA CR-MO 12-KAMP\u0116<\/p>","protected":false},"featured_media":258814,"comment_status":"open","ping_status":"open","template":"","meta":[],"product_cat":[9595],"product_tag":[9435],"class_list":{"0":"post-369035","1":"product","2":"type-product","3":"status-publish","4":"has-post-thumbnail","6":"product_brand-kinija","7":"product_cat-ilgos-smugines-dvylikakampes-galvutes","8":"product_tag-kinija","10":"first","11":"instock","12":"purchasable","13":"product-type-simple"},"jetpack_sharing_enabled":true,"_links":{"self":[{"href":"https:\/\/irankiuzona.lt\/ru\/wp-json\/wp\/v2\/product\/369035","targetHints":{"allow":["GET"]}}],"collection":[{"href":"https:\/\/irankiuzona.lt\/ru\/wp-json\/wp\/v2\/product"}],"about":[{"href":"https:\/\/irankiuzona.lt\/ru\/wp-json\/wp\/v2\/types\/product"}],"replies":[{"embeddable":true,"href":"https:\/\/irankiuzona.lt\/ru\/wp-json\/wp\/v2\/comments?post=369035"}],"version-history":[{"count":1,"href":"https:\/\/irankiuzona.lt\/ru\/wp-json\/wp\/v2\/product\/369035\/revisions"}],"predecessor-version":[{"id":421412,"href":"https:\/\/irankiuzona.lt\/ru\/wp-json\/wp\/v2\/product\/369035\/revisions\/421412"}],"wp:featuredmedia":[{"embeddable":true,"href":"https:\/\/irankiuzona.lt\/ru\/wp-json\/wp\/v2\/media\/258814"}],"wp:attachment":[{"href":"https:\/\/irankiuzona.lt\/ru\/wp-json\/wp\/v2\/media?parent=369035"}],"wp:term":[{"taxonomy":"product_cat","embeddable":true,"href":"https:\/\/irankiuzona.lt\/ru\/wp-json\/wp\/v2\/product_cat?post=369035"},{"taxonomy":"product_tag","embeddable":true,"href":"https:\/\/irankiuzona.lt\/ru\/wp-json\/wp\/v2\/product_tag?post=369035"}],"curies":[{"name":"wp","href":"https:\/\/api.w.org\/{rel}","templated":true}]}}