{"id":369083,"date":"2024-10-18T00:01:04","date_gmt":"2024-10-18T00:01:04","guid":{"rendered":"https:\/\/irankiuzona.lt\/product\/adapteris-nuorinimo-irankiui-3\/"},"modified":"2026-04-04T21:33:55","modified_gmt":"2026-04-04T21:33:55","slug":"adapteris-nuorinimo-irankiui-3","status":"publish","type":"product","link":"https:\/\/irankiuzona.lt\/ru\/product\/adapteris-nuorinimo-irankiui-3\/","title":{"rendered":"Adapteris nuorinimo \u012frankiui"},"content":{"rendered":"<p>tinka stabd\u017ei\u0173 nuleidimo vo\u017etuvui6 mm \u017earnos jungtissu kabliuku<\/p>","protected":false},"excerpt":{"rendered":"<p>Adapteris nuorinimo \u012frankiui<\/p>","protected":false},"featured_media":259518,"comment_status":"open","ping_status":"open","template":"","meta":[],"product_cat":[9534],"product_tag":[9845],"class_list":{"0":"post-369083","1":"product","2":"type-product","3":"status-publish","4":"has-post-thumbnail","6":"product_brand-vokietija-germany","7":"product_cat-stabdziu-remonto-nuorinimo-irankiai","8":"product_tag-vokietija-germany","10":"first","11":"instock","12":"purchasable","13":"product-type-simple"},"jetpack_sharing_enabled":true,"_links":{"self":[{"href":"https:\/\/irankiuzona.lt\/ru\/wp-json\/wp\/v2\/product\/369083","targetHints":{"allow":["GET"]}}],"collection":[{"href":"https:\/\/irankiuzona.lt\/ru\/wp-json\/wp\/v2\/product"}],"about":[{"href":"https:\/\/irankiuzona.lt\/ru\/wp-json\/wp\/v2\/types\/product"}],"replies":[{"embeddable":true,"href":"https:\/\/irankiuzona.lt\/ru\/wp-json\/wp\/v2\/comments?post=369083"}],"version-history":[{"count":0,"href":"https:\/\/irankiuzona.lt\/ru\/wp-json\/wp\/v2\/product\/369083\/revisions"}],"wp:featuredmedia":[{"embeddable":true,"href":"https:\/\/irankiuzona.lt\/ru\/wp-json\/wp\/v2\/media\/259518"}],"wp:attachment":[{"href":"https:\/\/irankiuzona.lt\/ru\/wp-json\/wp\/v2\/media?parent=369083"}],"wp:term":[{"taxonomy":"product_cat","embeddable":true,"href":"https:\/\/irankiuzona.lt\/ru\/wp-json\/wp\/v2\/product_cat?post=369083"},{"taxonomy":"product_tag","embeddable":true,"href":"https:\/\/irankiuzona.lt\/ru\/wp-json\/wp\/v2\/product_tag?post=369083"}],"curies":[{"name":"wp","href":"https:\/\/api.w.org\/{rel}","templated":true}]}}