{"id":369113,"date":"2024-10-19T00:00:10","date_gmt":"2024-10-19T00:00:10","guid":{"rendered":"https:\/\/irankiuzona.lt\/product\/smugine-galvute-1-2-32mm-6-kampe-3\/"},"modified":"2026-05-15T09:49:15","modified_gmt":"2026-05-15T09:49:15","slug":"smugine-galvute-1-2-32mm-6-kampe-3","status":"publish","type":"product","link":"https:\/\/irankiuzona.lt\/ru\/product\/smugine-galvute-1-2-32mm-6-kampe-3\/","title":{"rendered":"Sm\u016bgin\u0117 galvut\u0117 1\/2 32mm 6-kamp\u0117"},"content":{"rendered":"","protected":false},"excerpt":{"rendered":"<p>Galvut\u0117 \u0161e\u0161iakamp\u0117 Cr-Mo 1\/2 32mm sm\u016bgin\u0117<\/p>","protected":false},"featured_media":259771,"comment_status":"open","ping_status":"open","template":"","meta":[],"product_cat":[9841],"product_tag":[9969],"class_list":{"0":"post-369113","1":"product","2":"type-product","3":"status-publish","4":"has-post-thumbnail","6":"product_brand-hogert-technik-vokietija","7":"product_cat-1-2-125-mm-trumpos-smugines-sesiakampes-galvutes","8":"product_tag-hogert-technik-vokietija","10":"first","11":"instock","12":"purchasable","13":"product-type-simple"},"jetpack_sharing_enabled":true,"_links":{"self":[{"href":"https:\/\/irankiuzona.lt\/ru\/wp-json\/wp\/v2\/product\/369113","targetHints":{"allow":["GET"]}}],"collection":[{"href":"https:\/\/irankiuzona.lt\/ru\/wp-json\/wp\/v2\/product"}],"about":[{"href":"https:\/\/irankiuzona.lt\/ru\/wp-json\/wp\/v2\/types\/product"}],"replies":[{"embeddable":true,"href":"https:\/\/irankiuzona.lt\/ru\/wp-json\/wp\/v2\/comments?post=369113"}],"version-history":[{"count":1,"href":"https:\/\/irankiuzona.lt\/ru\/wp-json\/wp\/v2\/product\/369113\/revisions"}],"predecessor-version":[{"id":421722,"href":"https:\/\/irankiuzona.lt\/ru\/wp-json\/wp\/v2\/product\/369113\/revisions\/421722"}],"wp:featuredmedia":[{"embeddable":true,"href":"https:\/\/irankiuzona.lt\/ru\/wp-json\/wp\/v2\/media\/259771"}],"wp:attachment":[{"href":"https:\/\/irankiuzona.lt\/ru\/wp-json\/wp\/v2\/media?parent=369113"}],"wp:term":[{"taxonomy":"product_cat","embeddable":true,"href":"https:\/\/irankiuzona.lt\/ru\/wp-json\/wp\/v2\/product_cat?post=369113"},{"taxonomy":"product_tag","embeddable":true,"href":"https:\/\/irankiuzona.lt\/ru\/wp-json\/wp\/v2\/product_tag?post=369113"}],"curies":[{"name":"wp","href":"https:\/\/api.w.org\/{rel}","templated":true}]}}