{"id":369159,"date":"2024-10-19T00:00:18","date_gmt":"2024-10-19T00:00:18","guid":{"rendered":"https:\/\/irankiuzona.lt\/product\/spyruokliu-suspaudejai-380mm-2vnt-2\/"},"modified":"2026-04-09T15:10:51","modified_gmt":"2026-04-09T15:10:51","slug":"spyruokliu-suspaudejai-380mm-2vnt-2","status":"publish","type":"product","link":"https:\/\/irankiuzona.lt\/ru\/product\/spyruokliu-suspaudejai-380mm-2vnt-2\/","title":{"rendered":"Spyruokli\u0173 suspaud\u0117jai 380mm 2vnt"},"content":{"rendered":"","protected":false},"excerpt":{"rendered":"<p>Spyruokli\u0173 suspaud\u0117jai 380mm 2vnt<\/p>","protected":false},"featured_media":260208,"comment_status":"open","ping_status":"open","template":"","meta":[],"product_cat":[9723],"product_tag":[10087],"class_list":{"0":"post-369159","1":"product","2":"type-product","3":"status-publish","4":"has-post-thumbnail","6":"product_brand-verke","7":"product_cat-spyruokliu-suspaudimo-irankiai","8":"product_tag-verke","10":"first","11":"outofstock","12":"purchasable","13":"product-type-simple"},"jetpack_sharing_enabled":true,"_links":{"self":[{"href":"https:\/\/irankiuzona.lt\/ru\/wp-json\/wp\/v2\/product\/369159","targetHints":{"allow":["GET"]}}],"collection":[{"href":"https:\/\/irankiuzona.lt\/ru\/wp-json\/wp\/v2\/product"}],"about":[{"href":"https:\/\/irankiuzona.lt\/ru\/wp-json\/wp\/v2\/types\/product"}],"replies":[{"embeddable":true,"href":"https:\/\/irankiuzona.lt\/ru\/wp-json\/wp\/v2\/comments?post=369159"}],"version-history":[{"count":1,"href":"https:\/\/irankiuzona.lt\/ru\/wp-json\/wp\/v2\/product\/369159\/revisions"}],"predecessor-version":[{"id":421869,"href":"https:\/\/irankiuzona.lt\/ru\/wp-json\/wp\/v2\/product\/369159\/revisions\/421869"}],"wp:featuredmedia":[{"embeddable":true,"href":"https:\/\/irankiuzona.lt\/ru\/wp-json\/wp\/v2\/media\/260208"}],"wp:attachment":[{"href":"https:\/\/irankiuzona.lt\/ru\/wp-json\/wp\/v2\/media?parent=369159"}],"wp:term":[{"taxonomy":"product_cat","embeddable":true,"href":"https:\/\/irankiuzona.lt\/ru\/wp-json\/wp\/v2\/product_cat?post=369159"},{"taxonomy":"product_tag","embeddable":true,"href":"https:\/\/irankiuzona.lt\/ru\/wp-json\/wp\/v2\/product_tag?post=369159"}],"curies":[{"name":"wp","href":"https:\/\/api.w.org\/{rel}","templated":true}]}}