{"id":369165,"date":"2024-10-19T00:00:20","date_gmt":"2024-10-19T00:00:20","guid":{"rendered":"https:\/\/irankiuzona.lt\/product\/guminis-valymo-padas-90mm-trintukas-6\/"},"modified":"2026-04-13T01:54:40","modified_gmt":"2026-04-13T01:54:40","slug":"guminis-valymo-padas-90mm-trintukas-6","status":"publish","type":"product","link":"https:\/\/irankiuzona.lt\/ru\/product\/guminis-valymo-padas-90mm-trintukas-6\/","title":{"rendered":"Guminis valymo padas 90mm (&quot;trintukas&quot;)"},"content":{"rendered":"<p>apib\u016bdinimastinka elektriniams gr\u0105\u017etamsklij\u0173 liku\u010diams pa\u0161alinti ir kt.maks. 4000 aps.\/minBruto svoris 160 gSkersmuo 90 mm<\/p>","protected":false},"excerpt":{"rendered":"<p>Guminis valymo padas 90mm (&quot;trintukas&quot;)<\/p>","protected":false},"featured_media":260329,"comment_status":"open","ping_status":"open","template":"","meta":[],"product_cat":[9529],"product_tag":[9845],"class_list":{"0":"post-369165","1":"product","2":"type-product","3":"status-publish","4":"has-post-thumbnail","6":"product_brand-vokietija-germany","7":"product_cat-irankiai-apdailos-ardymui","8":"product_tag-vokietija-germany","10":"first","11":"outofstock","12":"purchasable","13":"product-type-simple"},"jetpack_sharing_enabled":true,"_links":{"self":[{"href":"https:\/\/irankiuzona.lt\/ru\/wp-json\/wp\/v2\/product\/369165","targetHints":{"allow":["GET"]}}],"collection":[{"href":"https:\/\/irankiuzona.lt\/ru\/wp-json\/wp\/v2\/product"}],"about":[{"href":"https:\/\/irankiuzona.lt\/ru\/wp-json\/wp\/v2\/types\/product"}],"replies":[{"embeddable":true,"href":"https:\/\/irankiuzona.lt\/ru\/wp-json\/wp\/v2\/comments?post=369165"}],"version-history":[{"count":1,"href":"https:\/\/irankiuzona.lt\/ru\/wp-json\/wp\/v2\/product\/369165\/revisions"}],"predecessor-version":[{"id":421908,"href":"https:\/\/irankiuzona.lt\/ru\/wp-json\/wp\/v2\/product\/369165\/revisions\/421908"}],"wp:featuredmedia":[{"embeddable":true,"href":"https:\/\/irankiuzona.lt\/ru\/wp-json\/wp\/v2\/media\/260329"}],"wp:attachment":[{"href":"https:\/\/irankiuzona.lt\/ru\/wp-json\/wp\/v2\/media?parent=369165"}],"wp:term":[{"taxonomy":"product_cat","embeddable":true,"href":"https:\/\/irankiuzona.lt\/ru\/wp-json\/wp\/v2\/product_cat?post=369165"},{"taxonomy":"product_tag","embeddable":true,"href":"https:\/\/irankiuzona.lt\/ru\/wp-json\/wp\/v2\/product_tag?post=369165"}],"curies":[{"name":"wp","href":"https:\/\/api.w.org\/{rel}","templated":true}]}}