{"id":369179,"date":"2024-10-19T00:00:23","date_gmt":"2024-10-19T00:00:23","guid":{"rendered":"https:\/\/irankiuzona.lt\/product\/tepaliniu-guoliu-rieboksliu-sandarinimo-ziedu-presavimo-komplektas-17vnt-2\/"},"modified":"2026-04-13T01:54:42","modified_gmt":"2026-04-13T01:54:42","slug":"tepaliniu-guoliu-rieboksliu-sandarinimo-ziedu-presavimo-komplektas-17vnt-2","status":"publish","type":"product","link":"https:\/\/irankiuzona.lt\/ru\/product\/tepaliniu-guoliu-rieboksliu-sandarinimo-ziedu-presavimo-komplektas-17vnt-2\/","title":{"rendered":"Tepalini\u0173 guoli\u0173\/riebok\u0161li\u0173\/sandarinimo \u017eied\u0173 presavimo komplektas 17vnt"},"content":{"rendered":"<p>3 presavimo antgaliai \u00d8 11mm, 16mm, 21mm,<br \/>\n13 skirting\u0173 dyd\u017ei\u0173 adapteri\u0173:<br \/>\n\u00a0 \u00a0 10 mm vidinis skersmuo x 12 mm, i\u0161orinis skersmuo\u00a0\u00a0\u00a0 12 mm, vidinis skersmuo x 14 mm i\u0161orinis skersmuo\u00a0\u00a0\u00a0 14 mm, vidinis skersmuo x 16 mm i\u0161orinis skersmuo\u00a0\u00a0\u00a0 15 mm, vidinis skersmuo x 17 mm, i\u0161orinis skersmuo\u00a0\u00a0\u00a0 16 mm, vidinis skersmuo x 18 mm i\u0161orinis skersmuo\u00a0\u00a0\u00a0 18 mm vidinis skersmuo x 20 mm, i\u0161orinis skersmuo\u00a0\u00a0\u00a0 19 mm, vidinis skersmuo x 21 mm i\u0161orinis skersmuo\u00a0\u00a0\u00a0 20 mm, vidinis skersmuo x 22 mm i\u0161orinis skersmuo\u00a0\u00a0\u00a0 22 mm vidinis skersmuo x 24 mm, i\u0161orinis skersmuo\u00a0\u00a0\u00a0 25 mm, vidinis skersmuo x 27 mm, i\u0161orinis skersmuo\u00a0\u00a0\u00a0 26 mm, vidinis skersmuo x 28 mm i\u0161orinis skersmuo\u00a0\u00a0\u00a0 28 mm, vidinis skersmuo x 30 mm, i\u0161orinis skersmuo\u00a0\u00a0\u00a0 30 mm, vidinis skersmuo x 32 mm i\u0161orinis skersmuo<\/p>","protected":false},"excerpt":{"rendered":"<p>Tepalini\u0173 guoli\u0173\/riebok\u0161li\u0173\/sandarinimo \u017eied\u0173 presavimo komplektas 17vnt<\/p>","protected":false},"featured_media":260416,"comment_status":"open","ping_status":"open","template":"","meta":[],"product_cat":[9730],"product_tag":[10131],"class_list":{"0":"post-369179","1":"product","2":"type-product","3":"status-publish","4":"has-post-thumbnail","6":"product_brand-asta-lenkija","7":"product_cat-irankiai-rieboksliams","8":"product_tag-asta-lenkija","10":"first","11":"instock","12":"purchasable","13":"product-type-simple"},"jetpack_sharing_enabled":true,"_links":{"self":[{"href":"https:\/\/irankiuzona.lt\/ru\/wp-json\/wp\/v2\/product\/369179","targetHints":{"allow":["GET"]}}],"collection":[{"href":"https:\/\/irankiuzona.lt\/ru\/wp-json\/wp\/v2\/product"}],"about":[{"href":"https:\/\/irankiuzona.lt\/ru\/wp-json\/wp\/v2\/types\/product"}],"replies":[{"embeddable":true,"href":"https:\/\/irankiuzona.lt\/ru\/wp-json\/wp\/v2\/comments?post=369179"}],"version-history":[{"count":1,"href":"https:\/\/irankiuzona.lt\/ru\/wp-json\/wp\/v2\/product\/369179\/revisions"}],"predecessor-version":[{"id":421937,"href":"https:\/\/irankiuzona.lt\/ru\/wp-json\/wp\/v2\/product\/369179\/revisions\/421937"}],"wp:featuredmedia":[{"embeddable":true,"href":"https:\/\/irankiuzona.lt\/ru\/wp-json\/wp\/v2\/media\/260416"}],"wp:attachment":[{"href":"https:\/\/irankiuzona.lt\/ru\/wp-json\/wp\/v2\/media?parent=369179"}],"wp:term":[{"taxonomy":"product_cat","embeddable":true,"href":"https:\/\/irankiuzona.lt\/ru\/wp-json\/wp\/v2\/product_cat?post=369179"},{"taxonomy":"product_tag","embeddable":true,"href":"https:\/\/irankiuzona.lt\/ru\/wp-json\/wp\/v2\/product_tag?post=369179"}],"curies":[{"name":"wp","href":"https:\/\/api.w.org\/{rel}","templated":true}]}}