{"id":369191,"date":"2024-10-19T00:00:26","date_gmt":"2024-10-19T00:00:26","guid":{"rendered":"https:\/\/irankiuzona.lt\/product\/dirzelio-itempimo-irankiai-vag-6vnt-2\/"},"modified":"2026-04-13T17:59:48","modified_gmt":"2026-04-13T17:59:48","slug":"dirzelio-itempimo-irankiai-vag-6vnt-2","status":"publish","type":"product","link":"https:\/\/irankiuzona.lt\/ru\/product\/dirzelio-itempimo-irankiai-vag-6vnt-2\/","title":{"rendered":"Dir\u017eelio \u012ftempimo \u012frankiai VAG 6vnt."},"content":{"rendered":"<p>Ver\u017eliarak\u010diai, skirti blokuoti skriemulius ir juos pasukti remonto metu. Taip pat naudojamas kei\u010diant paskirstymo dir\u017e\u0105 ir remontuojant variklius VW, Audi, Seat, \u0160koda automobiliuose su benzininiais ir dyzeliniais varikliais.<\/p>\n<p>\u2022 3 vnt ver\u017eliarak\u010di\u0173 skriemuliams<br \/>\n\u2022 3 paskirstymo kai\u0161\u010di\u0173 fiksavimui: 1,6 \/ 2,5 \/ 4 mm<\/p>","protected":false},"excerpt":{"rendered":"<p>Dir\u017eelio \u012ftempimo \u012frankiai VAG 6vnt.<\/p>","protected":false},"featured_media":260620,"comment_status":"open","ping_status":"open","template":"","meta":[],"product_cat":[9554],"product_tag":[10130],"class_list":{"0":"post-369191","1":"product","2":"type-product","3":"status-publish","4":"has-post-thumbnail","6":"product_brand-satra-lenkija","7":"product_cat-irankiai-dirzeliui-dirzo-itempimui","8":"product_tag-satra-lenkija","10":"first","11":"instock","12":"purchasable","13":"product-type-simple"},"jetpack_sharing_enabled":true,"_links":{"self":[{"href":"https:\/\/irankiuzona.lt\/ru\/wp-json\/wp\/v2\/product\/369191","targetHints":{"allow":["GET"]}}],"collection":[{"href":"https:\/\/irankiuzona.lt\/ru\/wp-json\/wp\/v2\/product"}],"about":[{"href":"https:\/\/irankiuzona.lt\/ru\/wp-json\/wp\/v2\/types\/product"}],"replies":[{"embeddable":true,"href":"https:\/\/irankiuzona.lt\/ru\/wp-json\/wp\/v2\/comments?post=369191"}],"version-history":[{"count":1,"href":"https:\/\/irankiuzona.lt\/ru\/wp-json\/wp\/v2\/product\/369191\/revisions"}],"predecessor-version":[{"id":422006,"href":"https:\/\/irankiuzona.lt\/ru\/wp-json\/wp\/v2\/product\/369191\/revisions\/422006"}],"wp:featuredmedia":[{"embeddable":true,"href":"https:\/\/irankiuzona.lt\/ru\/wp-json\/wp\/v2\/media\/260620"}],"wp:attachment":[{"href":"https:\/\/irankiuzona.lt\/ru\/wp-json\/wp\/v2\/media?parent=369191"}],"wp:term":[{"taxonomy":"product_cat","embeddable":true,"href":"https:\/\/irankiuzona.lt\/ru\/wp-json\/wp\/v2\/product_cat?post=369191"},{"taxonomy":"product_tag","embeddable":true,"href":"https:\/\/irankiuzona.lt\/ru\/wp-json\/wp\/v2\/product_tag?post=369191"}],"curies":[{"name":"wp","href":"https:\/\/api.w.org\/{rel}","templated":true}]}}