{"id":369207,"date":"2024-10-19T00:00:30","date_gmt":"2024-10-19T00:00:30","guid":{"rendered":"https:\/\/irankiuzona.lt\/product\/deimantinis-diskas-125mm-3\/"},"modified":"2026-05-06T20:57:40","modified_gmt":"2026-05-06T20:57:40","slug":"deimantinis-diskas-125mm-3","status":"publish","type":"product","link":"https:\/\/irankiuzona.lt\/ru\/product\/deimantinis-diskas-125mm-3\/","title":{"rendered":"Deimantinis diskas 125mm"},"content":{"rendered":"<p>Deimantinis diskas skirtas keramin\u0117ms plytel\u0117ms\u00a0pjaustyti, taip pat ir statybini\u0173 med\u017eiag\u0173, toki\u0173 kaip asfaltas, plytos, klinkeris, gel\u017ebetonis ir pan. pjauti.<\/p>","protected":false},"excerpt":{"rendered":"<p>Deimantinis diskas 125mm<\/p>","protected":false},"featured_media":260937,"comment_status":"open","ping_status":"open","template":"","meta":[],"product_cat":[9725],"product_tag":[9969],"class_list":{"0":"post-369207","1":"product","2":"type-product","3":"status-publish","4":"has-post-thumbnail","6":"product_brand-hogert-technik-vokietija","7":"product_cat-betono-pjovimo-diskai","8":"product_tag-hogert-technik-vokietija","10":"first","11":"instock","12":"purchasable","13":"product-type-simple"},"jetpack_sharing_enabled":true,"_links":{"self":[{"href":"https:\/\/irankiuzona.lt\/ru\/wp-json\/wp\/v2\/product\/369207","targetHints":{"allow":["GET"]}}],"collection":[{"href":"https:\/\/irankiuzona.lt\/ru\/wp-json\/wp\/v2\/product"}],"about":[{"href":"https:\/\/irankiuzona.lt\/ru\/wp-json\/wp\/v2\/types\/product"}],"replies":[{"embeddable":true,"href":"https:\/\/irankiuzona.lt\/ru\/wp-json\/wp\/v2\/comments?post=369207"}],"version-history":[{"count":1,"href":"https:\/\/irankiuzona.lt\/ru\/wp-json\/wp\/v2\/product\/369207\/revisions"}],"predecessor-version":[{"id":422113,"href":"https:\/\/irankiuzona.lt\/ru\/wp-json\/wp\/v2\/product\/369207\/revisions\/422113"}],"wp:featuredmedia":[{"embeddable":true,"href":"https:\/\/irankiuzona.lt\/ru\/wp-json\/wp\/v2\/media\/260937"}],"wp:attachment":[{"href":"https:\/\/irankiuzona.lt\/ru\/wp-json\/wp\/v2\/media?parent=369207"}],"wp:term":[{"taxonomy":"product_cat","embeddable":true,"href":"https:\/\/irankiuzona.lt\/ru\/wp-json\/wp\/v2\/product_cat?post=369207"},{"taxonomy":"product_tag","embeddable":true,"href":"https:\/\/irankiuzona.lt\/ru\/wp-json\/wp\/v2\/product_tag?post=369207"}],"curies":[{"name":"wp","href":"https:\/\/api.w.org\/{rel}","templated":true}]}}