{"id":369273,"date":"2024-10-19T00:00:48","date_gmt":"2024-10-19T00:00:48","guid":{"rendered":"https:\/\/irankiuzona.lt\/product\/grandinine-gerve-1t-25m-2\/"},"modified":"2026-04-16T15:55:02","modified_gmt":"2026-04-16T15:55:02","slug":"grandinine-gerve-1t-25m-2","status":"publish","type":"product","link":"https:\/\/irankiuzona.lt\/ru\/product\/grandinine-gerve-1t-25m-2\/","title":{"rendered":"Grandinin\u0117 gerv\u0117 1t 2,5m"},"content":{"rendered":"<p>K\u0117limo galia: 1 TON<br \/>\nK\u0117limo auk\u0161tis: 2,5 m<br \/>\nAtstumas tarp kabliuk\u0173: 270 mm<br \/>\nGrandin\u0117s traukimas, kai keliama visa apkrova: 309N<\/p>","protected":false},"excerpt":{"rendered":"<p>Grandinin\u0117 gerv\u0117 1t 2,5m<\/p>","protected":false},"featured_media":261807,"comment_status":"open","ping_status":"open","template":"","meta":[],"product_cat":[9652],"product_tag":[10130],"class_list":{"0":"post-369273","1":"product","2":"type-product","3":"status-publish","4":"has-post-thumbnail","6":"product_brand-satra-lenkija","7":"product_cat-grandinines-lynines-gerves-juostines-traukes","8":"product_tag-satra-lenkija","10":"first","11":"instock","12":"purchasable","13":"product-type-simple"},"jetpack_sharing_enabled":true,"_links":{"self":[{"href":"https:\/\/irankiuzona.lt\/ru\/wp-json\/wp\/v2\/product\/369273","targetHints":{"allow":["GET"]}}],"collection":[{"href":"https:\/\/irankiuzona.lt\/ru\/wp-json\/wp\/v2\/product"}],"about":[{"href":"https:\/\/irankiuzona.lt\/ru\/wp-json\/wp\/v2\/types\/product"}],"replies":[{"embeddable":true,"href":"https:\/\/irankiuzona.lt\/ru\/wp-json\/wp\/v2\/comments?post=369273"}],"version-history":[{"count":1,"href":"https:\/\/irankiuzona.lt\/ru\/wp-json\/wp\/v2\/product\/369273\/revisions"}],"predecessor-version":[{"id":422396,"href":"https:\/\/irankiuzona.lt\/ru\/wp-json\/wp\/v2\/product\/369273\/revisions\/422396"}],"wp:featuredmedia":[{"embeddable":true,"href":"https:\/\/irankiuzona.lt\/ru\/wp-json\/wp\/v2\/media\/261807"}],"wp:attachment":[{"href":"https:\/\/irankiuzona.lt\/ru\/wp-json\/wp\/v2\/media?parent=369273"}],"wp:term":[{"taxonomy":"product_cat","embeddable":true,"href":"https:\/\/irankiuzona.lt\/ru\/wp-json\/wp\/v2\/product_cat?post=369273"},{"taxonomy":"product_tag","embeddable":true,"href":"https:\/\/irankiuzona.lt\/ru\/wp-json\/wp\/v2\/product_tag?post=369273"}],"curies":[{"name":"wp","href":"https:\/\/api.w.org\/{rel}","templated":true}]}}