{"id":369293,"date":"2024-10-19T00:00:51","date_gmt":"2024-10-19T00:00:51","guid":{"rendered":"https:\/\/irankiuzona.lt\/product\/stumokliu-ziedu-remonto-komplektas-2\/"},"modified":"2026-04-04T21:52:45","modified_gmt":"2026-04-04T21:52:45","slug":"stumokliu-ziedu-remonto-komplektas-2","status":"publish","type":"product","link":"https:\/\/irankiuzona.lt\/ru\/product\/stumokliu-ziedu-remonto-komplektas-2\/","title":{"rendered":"St\u016bmokli\u0173 \u017eied\u0173 remonto komplektas"},"content":{"rendered":"<p>Rinkinio \u012frankiai pritaikyti st\u016bmokli\u0173 \u017eied\u0173 i\u0161montavimui\/surinkimui.<\/p>\n<p>\u2022 St\u016bmoklio \u017eied\u0173 repl\u0117s 50 &#8211; 100mm<br \/>\n\u2022 Spaustuvas 53 &#8211; 125mm\u00a0ilgis = 75mm<br \/>\n\u2022 \u017darnos spaustukas 90 &#8211; 175mm\u00a0ilgis = 85mm<br \/>\n\u2022 \u017darnos spaustukas 90 &#8211; 175mm\u00a0ilgis = 100mm<br \/>\n\u2022 Grioveli\u0173 valytuvas<br \/>\n\u2022 Dvipusis ver\u017eliaraktis<\/p>","protected":false},"excerpt":{"rendered":"<p>St\u016bmokli\u0173 \u017eied\u0173 remonto komplektas<\/p>","protected":false},"featured_media":261987,"comment_status":"open","ping_status":"closed","template":"","meta":[],"product_cat":[9586],"product_tag":[10130],"class_list":{"0":"post-369293","1":"product","2":"type-product","3":"status-publish","4":"has-post-thumbnail","6":"product_brand-satra-lenkija","7":"product_cat-irankiai-stumoklio-ziedams","8":"product_tag-satra-lenkija","10":"first","11":"instock","12":"purchasable","13":"product-type-simple"},"jetpack_sharing_enabled":true,"_links":{"self":[{"href":"https:\/\/irankiuzona.lt\/ru\/wp-json\/wp\/v2\/product\/369293","targetHints":{"allow":["GET"]}}],"collection":[{"href":"https:\/\/irankiuzona.lt\/ru\/wp-json\/wp\/v2\/product"}],"about":[{"href":"https:\/\/irankiuzona.lt\/ru\/wp-json\/wp\/v2\/types\/product"}],"replies":[{"embeddable":true,"href":"https:\/\/irankiuzona.lt\/ru\/wp-json\/wp\/v2\/comments?post=369293"}],"version-history":[{"count":0,"href":"https:\/\/irankiuzona.lt\/ru\/wp-json\/wp\/v2\/product\/369293\/revisions"}],"wp:featuredmedia":[{"embeddable":true,"href":"https:\/\/irankiuzona.lt\/ru\/wp-json\/wp\/v2\/media\/261987"}],"wp:attachment":[{"href":"https:\/\/irankiuzona.lt\/ru\/wp-json\/wp\/v2\/media?parent=369293"}],"wp:term":[{"taxonomy":"product_cat","embeddable":true,"href":"https:\/\/irankiuzona.lt\/ru\/wp-json\/wp\/v2\/product_cat?post=369293"},{"taxonomy":"product_tag","embeddable":true,"href":"https:\/\/irankiuzona.lt\/ru\/wp-json\/wp\/v2\/product_tag?post=369293"}],"curies":[{"name":"wp","href":"https:\/\/api.w.org\/{rel}","templated":true}]}}