{"id":369295,"date":"2024-10-19T00:00:52","date_gmt":"2024-10-19T00:00:52","guid":{"rendered":"https:\/\/irankiuzona.lt\/product\/smugine-galvute-1-2-13mm-12-kampe-2\/"},"modified":"2026-04-04T21:52:51","modified_gmt":"2026-04-04T21:52:51","slug":"smugine-galvute-1-2-13mm-12-kampe-2","status":"publish","type":"product","link":"https:\/\/irankiuzona.lt\/ru\/product\/smugine-galvute-1-2-13mm-12-kampe-2\/","title":{"rendered":"Sm\u016bgin\u0117 galvut\u0117 1\/2 13mm 12-kamp\u0117"},"content":{"rendered":"","protected":false},"excerpt":{"rendered":"<p>Sm\u016bgin\u0117 galvut\u0117 1\/2 13mm 12-kamp\u0117<\/p>","protected":false},"featured_media":262005,"comment_status":"open","ping_status":"open","template":"","meta":[],"product_cat":[9980],"product_tag":[10131],"class_list":{"0":"post-369295","1":"product","2":"type-product","3":"status-publish","4":"has-post-thumbnail","6":"product_brand-asta-lenkija","7":"product_cat-trumpos-smugines-dvylikakampes-galvutes","8":"product_tag-asta-lenkija","10":"first","11":"outofstock","12":"purchasable","13":"product-type-simple"},"jetpack_sharing_enabled":true,"_links":{"self":[{"href":"https:\/\/irankiuzona.lt\/ru\/wp-json\/wp\/v2\/product\/369295","targetHints":{"allow":["GET"]}}],"collection":[{"href":"https:\/\/irankiuzona.lt\/ru\/wp-json\/wp\/v2\/product"}],"about":[{"href":"https:\/\/irankiuzona.lt\/ru\/wp-json\/wp\/v2\/types\/product"}],"replies":[{"embeddable":true,"href":"https:\/\/irankiuzona.lt\/ru\/wp-json\/wp\/v2\/comments?post=369295"}],"version-history":[{"count":0,"href":"https:\/\/irankiuzona.lt\/ru\/wp-json\/wp\/v2\/product\/369295\/revisions"}],"wp:featuredmedia":[{"embeddable":true,"href":"https:\/\/irankiuzona.lt\/ru\/wp-json\/wp\/v2\/media\/262005"}],"wp:attachment":[{"href":"https:\/\/irankiuzona.lt\/ru\/wp-json\/wp\/v2\/media?parent=369295"}],"wp:term":[{"taxonomy":"product_cat","embeddable":true,"href":"https:\/\/irankiuzona.lt\/ru\/wp-json\/wp\/v2\/product_cat?post=369295"},{"taxonomy":"product_tag","embeddable":true,"href":"https:\/\/irankiuzona.lt\/ru\/wp-json\/wp\/v2\/product_tag?post=369295"}],"curies":[{"name":"wp","href":"https:\/\/api.w.org\/{rel}","templated":true}]}}