{"id":369305,"date":"2024-10-19T00:00:54","date_gmt":"2024-10-19T00:00:54","guid":{"rendered":"https:\/\/irankiuzona.lt\/product\/grandininio-pjuklo-grandines-kniedijimo-irankis-2\/"},"modified":"2026-05-14T21:31:03","modified_gmt":"2026-05-14T21:31:03","slug":"grandininio-pjuklo-grandines-kniedijimo-irankis-2","status":"publish","type":"product","link":"https:\/\/irankiuzona.lt\/ru\/product\/grandininio-pjuklo-grandines-kniedijimo-irankis-2\/","title":{"rendered":"Grandininio pj\u016bklo grandin\u0117s kniedijimo \u012frankis"},"content":{"rendered":"<p>Leid\u017eia kniedyti bet kokio tipo grandines, kuri\u0173 \u017eingsnis yra nuo 1\/4 iki 404, o \u0161vino jungties storis nuo 1,1 iki 2,0 mm.<br \/>\nTinka visoms rinkoje esan\u010dioms grandin\u0117ms.<\/p>","protected":false},"excerpt":{"rendered":"<p>Grandininio pj\u016bklo grandin\u0117s kniedijimo \u012frankis<\/p>","protected":false},"featured_media":262072,"comment_status":"open","ping_status":"open","template":"","meta":[],"product_cat":[9920],"product_tag":[10151],"class_list":{"0":"post-369305","1":"product","2":"type-product","3":"status-publish","4":"has-post-thumbnail","6":"product_brand-lenkija-tiekejas","7":"product_cat-pjuklai-siaurapjukliai","8":"product_tag-lenkija-tiekejas","10":"first","11":"outofstock","12":"purchasable","13":"product-type-simple"},"jetpack_sharing_enabled":true,"_links":{"self":[{"href":"https:\/\/irankiuzona.lt\/ru\/wp-json\/wp\/v2\/product\/369305","targetHints":{"allow":["GET"]}}],"collection":[{"href":"https:\/\/irankiuzona.lt\/ru\/wp-json\/wp\/v2\/product"}],"about":[{"href":"https:\/\/irankiuzona.lt\/ru\/wp-json\/wp\/v2\/types\/product"}],"replies":[{"embeddable":true,"href":"https:\/\/irankiuzona.lt\/ru\/wp-json\/wp\/v2\/comments?post=369305"}],"version-history":[{"count":1,"href":"https:\/\/irankiuzona.lt\/ru\/wp-json\/wp\/v2\/product\/369305\/revisions"}],"predecessor-version":[{"id":422485,"href":"https:\/\/irankiuzona.lt\/ru\/wp-json\/wp\/v2\/product\/369305\/revisions\/422485"}],"wp:featuredmedia":[{"embeddable":true,"href":"https:\/\/irankiuzona.lt\/ru\/wp-json\/wp\/v2\/media\/262072"}],"wp:attachment":[{"href":"https:\/\/irankiuzona.lt\/ru\/wp-json\/wp\/v2\/media?parent=369305"}],"wp:term":[{"taxonomy":"product_cat","embeddable":true,"href":"https:\/\/irankiuzona.lt\/ru\/wp-json\/wp\/v2\/product_cat?post=369305"},{"taxonomy":"product_tag","embeddable":true,"href":"https:\/\/irankiuzona.lt\/ru\/wp-json\/wp\/v2\/product_tag?post=369305"}],"curies":[{"name":"wp","href":"https:\/\/api.w.org\/{rel}","templated":true}]}}