{"id":369361,"date":"2024-10-20T00:00:07","date_gmt":"2024-10-20T00:00:07","guid":{"rendered":"https:\/\/irankiuzona.lt\/product\/darbo-svarkas-m-dydis-2\/"},"modified":"2026-04-08T02:06:36","modified_gmt":"2026-04-08T02:06:36","slug":"darbo-svarkas-m-dydis-2","status":"publish","type":"product","link":"https:\/\/irankiuzona.lt\/ru\/product\/darbo-svarkas-m-dydis-2\/","title":{"rendered":"Darbo \u0161varkas, M dydis"},"content":{"rendered":"<p>med\u017eiaga: TC audinys, 65% poliesteris, 35% medviln\u0117;. 270 g\/m\u00b2;. Oxford 300D sutvirtinantis pamink\u0161tinimas ant pe\u010di\u0173;. pagamintas pagal EN ISO 13688;. klostuotas u\u017etrauktukas su 2 u\u017esegimais;. 4 ki\u0161en\u0117s:- 1 ki\u0161en\u0117 kr\u016btin\u0117s srityje su u\u017etrauktuku;- 2 apatin\u0117s ki\u0161en\u0117s;- 1 rankovi\u0173 ki\u0161en\u0117;. elastin\u0117 juosta ant rankov\u0117s ir megztinio \u0161onuose;. \u0161vies\u0105 atspindintys elementai \u2013 megztinio nugaroje;. tamsiai pilka spalva su \u017ealiais akcentais;. universalus pritaikymas lengvojoje pramon\u0117je, automobili\u0173, transporto ir logistikos srityse, idealiai tinka renovacijai,statybos, sand\u0117liavimo, serviso ir techniniai darbai.<\/p>","protected":false},"excerpt":{"rendered":"<p>Darbo \u0161varkas, M dydis<\/p>","protected":false},"featured_media":262655,"comment_status":"open","ping_status":"open","template":"","meta":[],"product_cat":[10007],"product_tag":[9969],"class_list":{"0":"post-369361","1":"product","2":"type-product","3":"status-publish","4":"has-post-thumbnail","6":"product_brand-hogert-technik-vokietija","7":"product_cat-darbiniai-svarkai","8":"product_tag-hogert-technik-vokietija","10":"first","11":"instock","12":"purchasable","13":"product-type-simple"},"jetpack_sharing_enabled":true,"_links":{"self":[{"href":"https:\/\/irankiuzona.lt\/ru\/wp-json\/wp\/v2\/product\/369361","targetHints":{"allow":["GET"]}}],"collection":[{"href":"https:\/\/irankiuzona.lt\/ru\/wp-json\/wp\/v2\/product"}],"about":[{"href":"https:\/\/irankiuzona.lt\/ru\/wp-json\/wp\/v2\/types\/product"}],"replies":[{"embeddable":true,"href":"https:\/\/irankiuzona.lt\/ru\/wp-json\/wp\/v2\/comments?post=369361"}],"version-history":[{"count":0,"href":"https:\/\/irankiuzona.lt\/ru\/wp-json\/wp\/v2\/product\/369361\/revisions"}],"wp:featuredmedia":[{"embeddable":true,"href":"https:\/\/irankiuzona.lt\/ru\/wp-json\/wp\/v2\/media\/262655"}],"wp:attachment":[{"href":"https:\/\/irankiuzona.lt\/ru\/wp-json\/wp\/v2\/media?parent=369361"}],"wp:term":[{"taxonomy":"product_cat","embeddable":true,"href":"https:\/\/irankiuzona.lt\/ru\/wp-json\/wp\/v2\/product_cat?post=369361"},{"taxonomy":"product_tag","embeddable":true,"href":"https:\/\/irankiuzona.lt\/ru\/wp-json\/wp\/v2\/product_tag?post=369361"}],"curies":[{"name":"wp","href":"https:\/\/api.w.org\/{rel}","templated":true}]}}