{"id":369373,"date":"2024-10-20T00:00:12","date_gmt":"2024-10-20T00:00:12","guid":{"rendered":"https:\/\/irankiuzona.lt\/product\/voztuvu-nuspaudejas-320mm-2\/"},"modified":"2026-04-16T02:48:39","modified_gmt":"2026-04-16T02:48:39","slug":"voztuvu-nuspaudejas-320mm-2","status":"publish","type":"product","link":"https:\/\/irankiuzona.lt\/ru\/product\/voztuvu-nuspaudejas-320mm-2\/","title":{"rendered":"Vo\u017etuv\u0173 nuspaud\u0117jas 320mm"},"content":{"rendered":"","protected":false},"excerpt":{"rendered":"<p>Vo\u017etuv\u0173 nuspaud\u0117jas 320mm<\/p>","protected":false},"featured_media":263016,"comment_status":"open","ping_status":"open","template":"","meta":[],"product_cat":[9538],"product_tag":[10130],"class_list":{"0":"post-369373","1":"product","2":"type-product","3":"status-publish","4":"has-post-thumbnail","6":"product_brand-satra-lenkija","7":"product_cat-irankiai-voztuvams","8":"product_tag-satra-lenkija","10":"first","11":"instock","12":"purchasable","13":"product-type-simple"},"jetpack_sharing_enabled":true,"_links":{"self":[{"href":"https:\/\/irankiuzona.lt\/ru\/wp-json\/wp\/v2\/product\/369373","targetHints":{"allow":["GET"]}}],"collection":[{"href":"https:\/\/irankiuzona.lt\/ru\/wp-json\/wp\/v2\/product"}],"about":[{"href":"https:\/\/irankiuzona.lt\/ru\/wp-json\/wp\/v2\/types\/product"}],"replies":[{"embeddable":true,"href":"https:\/\/irankiuzona.lt\/ru\/wp-json\/wp\/v2\/comments?post=369373"}],"version-history":[{"count":1,"href":"https:\/\/irankiuzona.lt\/ru\/wp-json\/wp\/v2\/product\/369373\/revisions"}],"predecessor-version":[{"id":422796,"href":"https:\/\/irankiuzona.lt\/ru\/wp-json\/wp\/v2\/product\/369373\/revisions\/422796"}],"wp:featuredmedia":[{"embeddable":true,"href":"https:\/\/irankiuzona.lt\/ru\/wp-json\/wp\/v2\/media\/263016"}],"wp:attachment":[{"href":"https:\/\/irankiuzona.lt\/ru\/wp-json\/wp\/v2\/media?parent=369373"}],"wp:term":[{"taxonomy":"product_cat","embeddable":true,"href":"https:\/\/irankiuzona.lt\/ru\/wp-json\/wp\/v2\/product_cat?post=369373"},{"taxonomy":"product_tag","embeddable":true,"href":"https:\/\/irankiuzona.lt\/ru\/wp-json\/wp\/v2\/product_tag?post=369373"}],"curies":[{"name":"wp","href":"https:\/\/api.w.org\/{rel}","templated":true}]}}