{"id":369397,"date":"2024-10-20T00:00:19","date_gmt":"2024-10-20T00:00:19","guid":{"rendered":"https:\/\/irankiuzona.lt\/product\/smugine-galvute-3-4-46mm-6-kampe-2\/"},"modified":"2026-05-16T16:14:39","modified_gmt":"2026-05-16T16:14:39","slug":"smugine-galvute-3-4-46mm-6-kampe-2","status":"publish","type":"product","link":"https:\/\/irankiuzona.lt\/ru\/product\/smugine-galvute-3-4-46mm-6-kampe-2\/","title":{"rendered":"Sm\u016bgin\u0117 galvut\u0117 3\/4 46mm 6-kamp\u0117"},"content":{"rendered":"<p>Sm\u016bgin\u0117 galvut\u0117 3\/4 46mm 6-kamp\u0117<\/p>","protected":false},"excerpt":{"rendered":"<p>Sm\u016bgin\u0117 galvut\u0117 3\/4 46mm 6-kamp\u0117<\/p>","protected":false},"featured_media":263402,"comment_status":"open","ping_status":"closed","template":"","meta":[],"product_cat":[9792],"product_tag":[9462],"class_list":{"0":"post-369397","1":"product","2":"type-product","3":"status-publish","4":"has-post-thumbnail","6":"product_brand-condor-werkzeug-vokietija","7":"product_cat-3-4-20-mm-trumpos-smugines-sesiakampes-galvutes","8":"product_tag-condor-werkzeug-vokietija","10":"first","11":"instock","12":"purchasable","13":"product-type-simple"},"jetpack_sharing_enabled":true,"_links":{"self":[{"href":"https:\/\/irankiuzona.lt\/ru\/wp-json\/wp\/v2\/product\/369397","targetHints":{"allow":["GET"]}}],"collection":[{"href":"https:\/\/irankiuzona.lt\/ru\/wp-json\/wp\/v2\/product"}],"about":[{"href":"https:\/\/irankiuzona.lt\/ru\/wp-json\/wp\/v2\/types\/product"}],"replies":[{"embeddable":true,"href":"https:\/\/irankiuzona.lt\/ru\/wp-json\/wp\/v2\/comments?post=369397"}],"version-history":[{"count":1,"href":"https:\/\/irankiuzona.lt\/ru\/wp-json\/wp\/v2\/product\/369397\/revisions"}],"predecessor-version":[{"id":422921,"href":"https:\/\/irankiuzona.lt\/ru\/wp-json\/wp\/v2\/product\/369397\/revisions\/422921"}],"wp:featuredmedia":[{"embeddable":true,"href":"https:\/\/irankiuzona.lt\/ru\/wp-json\/wp\/v2\/media\/263402"}],"wp:attachment":[{"href":"https:\/\/irankiuzona.lt\/ru\/wp-json\/wp\/v2\/media?parent=369397"}],"wp:term":[{"taxonomy":"product_cat","embeddable":true,"href":"https:\/\/irankiuzona.lt\/ru\/wp-json\/wp\/v2\/product_cat?post=369397"},{"taxonomy":"product_tag","embeddable":true,"href":"https:\/\/irankiuzona.lt\/ru\/wp-json\/wp\/v2\/product_tag?post=369397"}],"curies":[{"name":"wp","href":"https:\/\/api.w.org\/{rel}","templated":true}]}}