{"id":369403,"date":"2024-10-20T00:00:19","date_gmt":"2024-10-20T00:00:19","guid":{"rendered":"https:\/\/irankiuzona.lt\/product\/smuginiu-1-2-galvu-komplektas-su-apsauga-17-19-21mm-2\/"},"modified":"2026-05-16T20:32:57","modified_gmt":"2026-05-16T20:32:57","slug":"smuginiu-1-2-galvu-komplektas-su-apsauga-17-19-21mm-2","status":"publish","type":"product","link":"https:\/\/irankiuzona.lt\/ru\/product\/smuginiu-1-2-galvu-komplektas-su-apsauga-17-19-21mm-2\/","title":{"rendered":"Sm\u016bgini\u0173 1\/2 galv\u0173 komplektas su apsauga 17-19-21mm"},"content":{"rendered":"<p>1\/2&quot; sm\u016bgin\u0117s galvut\u0117s su apsauga<br \/>\nDyd\u017eiai : 17, 19, 21mm<br \/>\n85mm ilgio.<\/p>","protected":false},"excerpt":{"rendered":"<p>Sm\u016bgini\u0173 1\/2 galv\u0173 komplektas su apsauga 17-19-21mm<\/p>","protected":false},"featured_media":263426,"comment_status":"open","ping_status":"open","template":"","meta":[],"product_cat":[9492],"product_tag":[9462],"class_list":{"0":"post-369403","1":"product","2":"type-product","3":"status-publish","4":"has-post-thumbnail","6":"product_brand-condor-werkzeug-vokietija","7":"product_cat-ratu-varztams-galvutes-raktai-sepeciai","8":"product_tag-condor-werkzeug-vokietija","10":"first","11":"instock","12":"purchasable","13":"product-type-simple"},"jetpack_sharing_enabled":true,"_links":{"self":[{"href":"https:\/\/irankiuzona.lt\/ru\/wp-json\/wp\/v2\/product\/369403","targetHints":{"allow":["GET"]}}],"collection":[{"href":"https:\/\/irankiuzona.lt\/ru\/wp-json\/wp\/v2\/product"}],"about":[{"href":"https:\/\/irankiuzona.lt\/ru\/wp-json\/wp\/v2\/types\/product"}],"replies":[{"embeddable":true,"href":"https:\/\/irankiuzona.lt\/ru\/wp-json\/wp\/v2\/comments?post=369403"}],"version-history":[{"count":1,"href":"https:\/\/irankiuzona.lt\/ru\/wp-json\/wp\/v2\/product\/369403\/revisions"}],"predecessor-version":[{"id":422929,"href":"https:\/\/irankiuzona.lt\/ru\/wp-json\/wp\/v2\/product\/369403\/revisions\/422929"}],"wp:featuredmedia":[{"embeddable":true,"href":"https:\/\/irankiuzona.lt\/ru\/wp-json\/wp\/v2\/media\/263426"}],"wp:attachment":[{"href":"https:\/\/irankiuzona.lt\/ru\/wp-json\/wp\/v2\/media?parent=369403"}],"wp:term":[{"taxonomy":"product_cat","embeddable":true,"href":"https:\/\/irankiuzona.lt\/ru\/wp-json\/wp\/v2\/product_cat?post=369403"},{"taxonomy":"product_tag","embeddable":true,"href":"https:\/\/irankiuzona.lt\/ru\/wp-json\/wp\/v2\/product_tag?post=369403"}],"curies":[{"name":"wp","href":"https:\/\/api.w.org\/{rel}","templated":true}]}}