{"id":369449,"date":"2024-10-20T00:00:33","date_gmt":"2024-10-20T00:00:33","guid":{"rendered":"https:\/\/irankiuzona.lt\/product\/graztas-metalui-su-nutekintu-kotu-155-mm-2\/"},"modified":"2024-10-20T00:00:33","modified_gmt":"2024-10-20T00:00:33","slug":"graztas-metalui-su-nutekintu-kotu-155-mm-2","status":"publish","type":"product","link":"https:\/\/irankiuzona.lt\/ru\/product\/graztas-metalui-su-nutekintu-kotu-155-mm-2\/","title":{"rendered":"Gr\u0105\u017etas metalui su nutekintu kotu 15,5 mm"},"content":{"rendered":"<p>Gr\u0105\u017eto skersmuo 15,5 mm1 vnt.<\/p>","protected":false},"excerpt":{"rendered":"<p>Gr\u0105\u017etas metalui su nutekintu kotu 15,5 mm<\/p>","protected":false},"featured_media":264256,"comment_status":"open","ping_status":"open","template":"","meta":[],"product_cat":[10023],"product_tag":[9646],"class_list":{"0":"post-369449","1":"product","2":"type-product","3":"status-publish","4":"has-post-thumbnail","6":"product_brand-drel-lenkija","7":"product_cat-graztai-metalui-su-nutekintu-kotu","8":"product_tag-drel-lenkija","10":"first","11":"instock","12":"purchasable","13":"product-type-simple"},"jetpack_sharing_enabled":true,"_links":{"self":[{"href":"https:\/\/irankiuzona.lt\/ru\/wp-json\/wp\/v2\/product\/369449","targetHints":{"allow":["GET"]}}],"collection":[{"href":"https:\/\/irankiuzona.lt\/ru\/wp-json\/wp\/v2\/product"}],"about":[{"href":"https:\/\/irankiuzona.lt\/ru\/wp-json\/wp\/v2\/types\/product"}],"replies":[{"embeddable":true,"href":"https:\/\/irankiuzona.lt\/ru\/wp-json\/wp\/v2\/comments?post=369449"}],"version-history":[{"count":0,"href":"https:\/\/irankiuzona.lt\/ru\/wp-json\/wp\/v2\/product\/369449\/revisions"}],"wp:featuredmedia":[{"embeddable":true,"href":"https:\/\/irankiuzona.lt\/ru\/wp-json\/wp\/v2\/media\/264256"}],"wp:attachment":[{"href":"https:\/\/irankiuzona.lt\/ru\/wp-json\/wp\/v2\/media?parent=369449"}],"wp:term":[{"taxonomy":"product_cat","embeddable":true,"href":"https:\/\/irankiuzona.lt\/ru\/wp-json\/wp\/v2\/product_cat?post=369449"},{"taxonomy":"product_tag","embeddable":true,"href":"https:\/\/irankiuzona.lt\/ru\/wp-json\/wp\/v2\/product_tag?post=369449"}],"curies":[{"name":"wp","href":"https:\/\/api.w.org\/{rel}","templated":true}]}}