{"id":369463,"date":"2024-10-20T00:00:50","date_gmt":"2024-10-20T00:00:50","guid":{"rendered":"https:\/\/irankiuzona.lt\/product\/hogert-apsaugines-pirstines-dengtos-nitrilu-10-dydis-2\/"},"modified":"2026-04-12T17:43:41","modified_gmt":"2026-04-12T17:43:41","slug":"hogert-apsaugines-pirstines-dengtos-nitrilu-10-dydis-2","status":"publish","type":"product","link":"https:\/\/irankiuzona.lt\/ru\/product\/hogert-apsaugines-pirstines-dengtos-nitrilu-10-dydis-2\/","title":{"rendered":"HOGERT apsaugin\u0117s pir\u0161tin\u0117s dengtos nitrilu , 10 dydis"},"content":{"rendered":"<p>CharakteristikaMed\u017eiaga: poliesterio trikota\u017eas.Dalis pir\u0161tin\u0117s padengta nitrilo danga.Didelis atsparumas dilimui.Atsparumas ply\u0161imui.<\/p>","protected":false},"excerpt":{"rendered":"<p>HOGERT apsaugin\u0117s pir\u0161tin\u0117s dengtos nitrilu , 10 dydis<\/p>","protected":false},"featured_media":265567,"comment_status":"open","ping_status":"open","template":"","meta":[],"product_cat":[9990],"product_tag":[9969],"class_list":{"0":"post-369463","1":"product","2":"type-product","3":"status-publish","4":"has-post-thumbnail","6":"product_brand-hogert-technik-vokietija","7":"product_cat-aplietos-darbo-pirstines","8":"product_tag-hogert-technik-vokietija","10":"first","11":"instock","12":"purchasable","13":"product-type-simple"},"jetpack_sharing_enabled":true,"_links":{"self":[{"href":"https:\/\/irankiuzona.lt\/ru\/wp-json\/wp\/v2\/product\/369463","targetHints":{"allow":["GET"]}}],"collection":[{"href":"https:\/\/irankiuzona.lt\/ru\/wp-json\/wp\/v2\/product"}],"about":[{"href":"https:\/\/irankiuzona.lt\/ru\/wp-json\/wp\/v2\/types\/product"}],"replies":[{"embeddable":true,"href":"https:\/\/irankiuzona.lt\/ru\/wp-json\/wp\/v2\/comments?post=369463"}],"version-history":[{"count":1,"href":"https:\/\/irankiuzona.lt\/ru\/wp-json\/wp\/v2\/product\/369463\/revisions"}],"predecessor-version":[{"id":423645,"href":"https:\/\/irankiuzona.lt\/ru\/wp-json\/wp\/v2\/product\/369463\/revisions\/423645"}],"wp:featuredmedia":[{"embeddable":true,"href":"https:\/\/irankiuzona.lt\/ru\/wp-json\/wp\/v2\/media\/265567"}],"wp:attachment":[{"href":"https:\/\/irankiuzona.lt\/ru\/wp-json\/wp\/v2\/media?parent=369463"}],"wp:term":[{"taxonomy":"product_cat","embeddable":true,"href":"https:\/\/irankiuzona.lt\/ru\/wp-json\/wp\/v2\/product_cat?post=369463"},{"taxonomy":"product_tag","embeddable":true,"href":"https:\/\/irankiuzona.lt\/ru\/wp-json\/wp\/v2\/product_tag?post=369463"}],"curies":[{"name":"wp","href":"https:\/\/api.w.org\/{rel}","templated":true}]}}