{"id":369477,"date":"2024-10-20T00:00:57","date_gmt":"2024-10-20T00:00:57","guid":{"rendered":"https:\/\/irankiuzona.lt\/product\/anglies-dioksido-duju-co2-testeris-be-skyscio\/"},"modified":"2026-04-13T05:34:44","modified_gmt":"2026-04-13T05:34:44","slug":"anglies-dioksido-duju-co2-testeris-be-skyscio","status":"publish","type":"product","link":"https:\/\/irankiuzona.lt\/ru\/product\/anglies-dioksido-duju-co2-testeris-be-skyscio\/","title":{"rendered":"Anglies dioksido duj\u0173 CO2 testeris \/ be skys\u010dio"},"content":{"rendered":"<p>Diagnostinis prietaisas skirtas rasti nesandarumus au\u0161inimo sistemojeReagentas kei\u010dia spalv\u0105, reaguodamas \u012f au\u0161inimo skys\u010dio bakelyje susikaupusias CO2 dujas (esant au\u0161inimo sistemos nesandarumui)Komplektacijoje n\u0117ra skys\u010dio. Papildomai galima \u012fsigyti kodu: R1026 arba C5046-04<\/p>","protected":false},"excerpt":{"rendered":"<p>Anglies dioksido duj\u0173 CO2 testeris<\/p>","protected":false},"featured_media":266122,"comment_status":"open","ping_status":"open","template":"","meta":[],"product_cat":[9752],"product_tag":[],"class_list":{"0":"post-369477","1":"product","2":"type-product","3":"status-publish","4":"has-post-thumbnail","6":"product_cat-anglies-dioksido-co2-testeriai","8":"first","9":"outofstock","10":"purchasable","11":"product-type-simple"},"jetpack_sharing_enabled":true,"_links":{"self":[{"href":"https:\/\/irankiuzona.lt\/ru\/wp-json\/wp\/v2\/product\/369477","targetHints":{"allow":["GET"]}}],"collection":[{"href":"https:\/\/irankiuzona.lt\/ru\/wp-json\/wp\/v2\/product"}],"about":[{"href":"https:\/\/irankiuzona.lt\/ru\/wp-json\/wp\/v2\/types\/product"}],"replies":[{"embeddable":true,"href":"https:\/\/irankiuzona.lt\/ru\/wp-json\/wp\/v2\/comments?post=369477"}],"version-history":[{"count":1,"href":"https:\/\/irankiuzona.lt\/ru\/wp-json\/wp\/v2\/product\/369477\/revisions"}],"predecessor-version":[{"id":423824,"href":"https:\/\/irankiuzona.lt\/ru\/wp-json\/wp\/v2\/product\/369477\/revisions\/423824"}],"wp:featuredmedia":[{"embeddable":true,"href":"https:\/\/irankiuzona.lt\/ru\/wp-json\/wp\/v2\/media\/266122"}],"wp:attachment":[{"href":"https:\/\/irankiuzona.lt\/ru\/wp-json\/wp\/v2\/media?parent=369477"}],"wp:term":[{"taxonomy":"product_cat","embeddable":true,"href":"https:\/\/irankiuzona.lt\/ru\/wp-json\/wp\/v2\/product_cat?post=369477"},{"taxonomy":"product_tag","embeddable":true,"href":"https:\/\/irankiuzona.lt\/ru\/wp-json\/wp\/v2\/product_tag?post=369477"}],"curies":[{"name":"wp","href":"https:\/\/api.w.org\/{rel}","templated":true}]}}