{"id":369505,"date":"2024-10-20T12:21:59","date_gmt":"2024-10-20T12:21:59","guid":{"rendered":"https:\/\/irankiuzona.lt\/product\/pistoletas-montazinems-putoms\/"},"modified":"2026-04-03T21:06:33","modified_gmt":"2026-04-03T21:06:33","slug":"pistoletas-montazinems-putoms","status":"publish","type":"product","link":"https:\/\/irankiuzona.lt\/ru\/product\/pistoletas-montazinems-putoms\/","title":{"rendered":"Pistoletas monta\u017ein\u0117ms putoms"},"content":{"rendered":"","protected":false},"excerpt":{"rendered":"<p>Pistoletas monta\u017ein\u0117ms putoms<\/p>","protected":false},"featured_media":163869,"comment_status":"open","ping_status":"open","template":"","meta":[],"product_cat":[9477],"product_tag":[9439],"class_list":{"0":"post-369505","1":"product","2":"type-product","3":"status-publish","4":"has-post-thumbnail","6":"product_brand-toko-olandija","7":"product_cat-pistoletai-silikonui-hermetikui-montavimo-putoms","8":"product_tag-toko-olandija","10":"first","11":"outofstock","12":"purchasable","13":"product-type-simple"},"jetpack_sharing_enabled":true,"_links":{"self":[{"href":"https:\/\/irankiuzona.lt\/ru\/wp-json\/wp\/v2\/product\/369505","targetHints":{"allow":["GET"]}}],"collection":[{"href":"https:\/\/irankiuzona.lt\/ru\/wp-json\/wp\/v2\/product"}],"about":[{"href":"https:\/\/irankiuzona.lt\/ru\/wp-json\/wp\/v2\/types\/product"}],"replies":[{"embeddable":true,"href":"https:\/\/irankiuzona.lt\/ru\/wp-json\/wp\/v2\/comments?post=369505"}],"version-history":[{"count":0,"href":"https:\/\/irankiuzona.lt\/ru\/wp-json\/wp\/v2\/product\/369505\/revisions"}],"wp:featuredmedia":[{"embeddable":true,"href":"https:\/\/irankiuzona.lt\/ru\/wp-json\/wp\/v2\/media\/163869"}],"wp:attachment":[{"href":"https:\/\/irankiuzona.lt\/ru\/wp-json\/wp\/v2\/media?parent=369505"}],"wp:term":[{"taxonomy":"product_cat","embeddable":true,"href":"https:\/\/irankiuzona.lt\/ru\/wp-json\/wp\/v2\/product_cat?post=369505"},{"taxonomy":"product_tag","embeddable":true,"href":"https:\/\/irankiuzona.lt\/ru\/wp-json\/wp\/v2\/product_tag?post=369505"}],"curies":[{"name":"wp","href":"https:\/\/api.w.org\/{rel}","templated":true}]}}