{"id":369555,"date":"2024-10-20T12:23:52","date_gmt":"2024-10-20T12:23:52","guid":{"rendered":"https:\/\/irankiuzona.lt\/product\/oblius-kebulo-lyginimui-350-mm\/"},"modified":"2026-04-20T14:27:35","modified_gmt":"2026-04-20T14:27:35","slug":"oblius-kebulo-lyginimui-350-mm","status":"publish","type":"product","link":"https:\/\/irankiuzona.lt\/ru\/product\/oblius-kebulo-lyginimui-350-mm\/","title":{"rendered":"Oblius k\u0117bulo lyginimui 350 mm"},"content":{"rendered":"<p>Oblius k\u0117bulo lyginimui 350mm gel\u0119\u017et\u0117ms (komplekte tik oblius)<\/p>\n<p>aluminium diecast<br \/>\nhardened file holder<br \/>\nmade in Germany<br \/>\nsupplied without file<\/p>","protected":false},"excerpt":{"rendered":"<p>Oblius k\u0117bulo lyginimui 350 mm (be gele\u017et\u0117s)<\/p>","protected":false},"featured_media":164293,"comment_status":"open","ping_status":"open","template":"","meta":[],"product_cat":[9556],"product_tag":[9462],"class_list":{"0":"post-369555","1":"product","2":"type-product","3":"status-publish","4":"has-post-thumbnail","6":"product_brand-condor-werkzeug-vokietija","7":"product_cat-irankiai-kebulo-lyginimui","8":"product_tag-condor-werkzeug-vokietija","10":"first","11":"instock","12":"purchasable","13":"product-type-simple"},"jetpack_sharing_enabled":true,"_links":{"self":[{"href":"https:\/\/irankiuzona.lt\/ru\/wp-json\/wp\/v2\/product\/369555","targetHints":{"allow":["GET"]}}],"collection":[{"href":"https:\/\/irankiuzona.lt\/ru\/wp-json\/wp\/v2\/product"}],"about":[{"href":"https:\/\/irankiuzona.lt\/ru\/wp-json\/wp\/v2\/types\/product"}],"replies":[{"embeddable":true,"href":"https:\/\/irankiuzona.lt\/ru\/wp-json\/wp\/v2\/comments?post=369555"}],"version-history":[{"count":1,"href":"https:\/\/irankiuzona.lt\/ru\/wp-json\/wp\/v2\/product\/369555\/revisions"}],"predecessor-version":[{"id":408896,"href":"https:\/\/irankiuzona.lt\/ru\/wp-json\/wp\/v2\/product\/369555\/revisions\/408896"}],"wp:featuredmedia":[{"embeddable":true,"href":"https:\/\/irankiuzona.lt\/ru\/wp-json\/wp\/v2\/media\/164293"}],"wp:attachment":[{"href":"https:\/\/irankiuzona.lt\/ru\/wp-json\/wp\/v2\/media?parent=369555"}],"wp:term":[{"taxonomy":"product_cat","embeddable":true,"href":"https:\/\/irankiuzona.lt\/ru\/wp-json\/wp\/v2\/product_cat?post=369555"},{"taxonomy":"product_tag","embeddable":true,"href":"https:\/\/irankiuzona.lt\/ru\/wp-json\/wp\/v2\/product_tag?post=369555"}],"curies":[{"name":"wp","href":"https:\/\/api.w.org\/{rel}","templated":true}]}}