{"id":369611,"date":"2024-10-20T12:25:41","date_gmt":"2024-10-20T12:25:41","guid":{"rendered":"https:\/\/irankiuzona.lt\/product\/universalus-raktas-degalu-bakui-75-160mm\/"},"modified":"2026-05-14T16:39:50","modified_gmt":"2026-05-14T16:39:50","slug":"universalus-raktas-degalu-bakui-75-160mm","status":"publish","type":"product","link":"https:\/\/irankiuzona.lt\/ru\/product\/universalus-raktas-degalu-bakui-75-160mm\/","title":{"rendered":"Universalus raktas degal\u0173 bakui 75-160mm"},"content":{"rendered":"<p>Greitai u\u017ever\u017eiamas universalus raktas\u00a0degal\u0173 bakui \u00f8 75-160 mm SW24 mm<\/p>","protected":false},"excerpt":{"rendered":"<p>Universalus raktas degal\u0173 bakui 75-160mm<\/p>","protected":false},"featured_media":164721,"comment_status":"open","ping_status":"closed","template":"","meta":[],"product_cat":[9614],"product_tag":[9462],"class_list":{"0":"post-369611","1":"product","2":"type-product","3":"status-publish","4":"has-post-thumbnail","6":"product_brand-condor-werkzeug-vokietija","7":"product_cat-irankiai-kuro-bakui-kuro-filtrui","8":"product_tag-condor-werkzeug-vokietija","10":"first","11":"instock","12":"purchasable","13":"product-type-simple"},"jetpack_sharing_enabled":true,"_links":{"self":[{"href":"https:\/\/irankiuzona.lt\/ru\/wp-json\/wp\/v2\/product\/369611","targetHints":{"allow":["GET"]}}],"collection":[{"href":"https:\/\/irankiuzona.lt\/ru\/wp-json\/wp\/v2\/product"}],"about":[{"href":"https:\/\/irankiuzona.lt\/ru\/wp-json\/wp\/v2\/types\/product"}],"replies":[{"embeddable":true,"href":"https:\/\/irankiuzona.lt\/ru\/wp-json\/wp\/v2\/comments?post=369611"}],"version-history":[{"count":1,"href":"https:\/\/irankiuzona.lt\/ru\/wp-json\/wp\/v2\/product\/369611\/revisions"}],"predecessor-version":[{"id":409105,"href":"https:\/\/irankiuzona.lt\/ru\/wp-json\/wp\/v2\/product\/369611\/revisions\/409105"}],"wp:featuredmedia":[{"embeddable":true,"href":"https:\/\/irankiuzona.lt\/ru\/wp-json\/wp\/v2\/media\/164721"}],"wp:attachment":[{"href":"https:\/\/irankiuzona.lt\/ru\/wp-json\/wp\/v2\/media?parent=369611"}],"wp:term":[{"taxonomy":"product_cat","embeddable":true,"href":"https:\/\/irankiuzona.lt\/ru\/wp-json\/wp\/v2\/product_cat?post=369611"},{"taxonomy":"product_tag","embeddable":true,"href":"https:\/\/irankiuzona.lt\/ru\/wp-json\/wp\/v2\/product_tag?post=369611"}],"curies":[{"name":"wp","href":"https:\/\/api.w.org\/{rel}","templated":true}]}}