{"id":369613,"date":"2024-10-20T12:25:47","date_gmt":"2024-10-20T12:25:47","guid":{"rendered":"https:\/\/irankiuzona.lt\/product\/galvute-zvakems-1-2-21mm-6-kampe\/"},"modified":"2026-05-14T16:39:51","modified_gmt":"2026-05-14T16:39:51","slug":"galvute-zvakems-1-2-21mm-6-kampe","status":"publish","type":"product","link":"https:\/\/irankiuzona.lt\/ru\/product\/galvute-zvakems-1-2-21mm-6-kampe\/","title":{"rendered":"Galvut\u0117 \u017evak\u0117ms 1\/2&quot; 21mm. 6-kamp\u0117"},"content":{"rendered":"<p>Galvut\u0117 \u017evak\u0117ms 1\/2&quot; 21mm. 6-kamp\u0117<\/p>","protected":false},"excerpt":{"rendered":"<p>Galvut\u0117 \u017evak\u0117ms 1\/2&quot; 21mm. 6-kamp\u0117<\/p>","protected":false},"featured_media":164747,"comment_status":"open","ping_status":"open","template":"","meta":[],"product_cat":[9619],"product_tag":[9462],"class_list":{"0":"post-369613","1":"product","2":"type-product","3":"status-publish","4":"has-post-thumbnail","6":"product_brand-condor-werkzeug-vokietija","7":"product_cat-galvutes-zvakems","8":"product_tag-condor-werkzeug-vokietija","10":"first","11":"instock","12":"purchasable","13":"product-type-simple"},"jetpack_sharing_enabled":true,"_links":{"self":[{"href":"https:\/\/irankiuzona.lt\/ru\/wp-json\/wp\/v2\/product\/369613","targetHints":{"allow":["GET"]}}],"collection":[{"href":"https:\/\/irankiuzona.lt\/ru\/wp-json\/wp\/v2\/product"}],"about":[{"href":"https:\/\/irankiuzona.lt\/ru\/wp-json\/wp\/v2\/types\/product"}],"replies":[{"embeddable":true,"href":"https:\/\/irankiuzona.lt\/ru\/wp-json\/wp\/v2\/comments?post=369613"}],"version-history":[{"count":1,"href":"https:\/\/irankiuzona.lt\/ru\/wp-json\/wp\/v2\/product\/369613\/revisions"}],"predecessor-version":[{"id":409117,"href":"https:\/\/irankiuzona.lt\/ru\/wp-json\/wp\/v2\/product\/369613\/revisions\/409117"}],"wp:featuredmedia":[{"embeddable":true,"href":"https:\/\/irankiuzona.lt\/ru\/wp-json\/wp\/v2\/media\/164747"}],"wp:attachment":[{"href":"https:\/\/irankiuzona.lt\/ru\/wp-json\/wp\/v2\/media?parent=369613"}],"wp:term":[{"taxonomy":"product_cat","embeddable":true,"href":"https:\/\/irankiuzona.lt\/ru\/wp-json\/wp\/v2\/product_cat?post=369613"},{"taxonomy":"product_tag","embeddable":true,"href":"https:\/\/irankiuzona.lt\/ru\/wp-json\/wp\/v2\/product_tag?post=369613"}],"curies":[{"name":"wp","href":"https:\/\/api.w.org\/{rel}","templated":true}]}}