{"id":369627,"date":"2024-10-20T12:26:11","date_gmt":"2024-10-20T12:26:11","guid":{"rendered":"https:\/\/irankiuzona.lt\/product\/gelezte-siaurapjukliui-90mm\/"},"modified":"2026-04-17T00:15:34","modified_gmt":"2026-04-17T00:15:34","slug":"gelezte-siaurapjukliui-90mm","status":"publish","type":"product","link":"https:\/\/irankiuzona.lt\/ru\/product\/gelezte-siaurapjukliui-90mm\/","title":{"rendered":"Gele\u017et\u0117 siaurapj\u016bkliui 90mm"},"content":{"rendered":"<p>Darbinis ilgis 90mm<br \/>\n(lapuo\u010di\u0173 medienai, dro\u017eli\u0173 plok\u0161tei)<\/p>","protected":false},"excerpt":{"rendered":"<p>Gele\u017et\u0117 siaurapj\u016bkliui 90mm<\/p>","protected":false},"featured_media":164841,"comment_status":"open","ping_status":"open","template":"","meta":[],"product_cat":[9624],"product_tag":[9478],"class_list":{"0":"post-369627","1":"product","2":"type-product","3":"status-publish","4":"has-post-thumbnail","6":"product_brand-leman-prancuzija","7":"product_cat-geleztes-medziui","8":"product_tag-leman-prancuzija","10":"first","11":"instock","12":"purchasable","13":"product-type-simple"},"jetpack_sharing_enabled":true,"_links":{"self":[{"href":"https:\/\/irankiuzona.lt\/ru\/wp-json\/wp\/v2\/product\/369627","targetHints":{"allow":["GET"]}}],"collection":[{"href":"https:\/\/irankiuzona.lt\/ru\/wp-json\/wp\/v2\/product"}],"about":[{"href":"https:\/\/irankiuzona.lt\/ru\/wp-json\/wp\/v2\/types\/product"}],"replies":[{"embeddable":true,"href":"https:\/\/irankiuzona.lt\/ru\/wp-json\/wp\/v2\/comments?post=369627"}],"version-history":[{"count":1,"href":"https:\/\/irankiuzona.lt\/ru\/wp-json\/wp\/v2\/product\/369627\/revisions"}],"predecessor-version":[{"id":409164,"href":"https:\/\/irankiuzona.lt\/ru\/wp-json\/wp\/v2\/product\/369627\/revisions\/409164"}],"wp:featuredmedia":[{"embeddable":true,"href":"https:\/\/irankiuzona.lt\/ru\/wp-json\/wp\/v2\/media\/164841"}],"wp:attachment":[{"href":"https:\/\/irankiuzona.lt\/ru\/wp-json\/wp\/v2\/media?parent=369627"}],"wp:term":[{"taxonomy":"product_cat","embeddable":true,"href":"https:\/\/irankiuzona.lt\/ru\/wp-json\/wp\/v2\/product_cat?post=369627"},{"taxonomy":"product_tag","embeddable":true,"href":"https:\/\/irankiuzona.lt\/ru\/wp-json\/wp\/v2\/product_tag?post=369627"}],"curies":[{"name":"wp","href":"https:\/\/api.w.org\/{rel}","templated":true}]}}