{"id":369635,"date":"2024-10-20T12:26:16","date_gmt":"2024-10-20T12:26:16","guid":{"rendered":"https:\/\/irankiuzona.lt\/product\/graztas-medziui-4mm\/"},"modified":"2026-04-16T01:22:04","modified_gmt":"2026-04-16T01:22:04","slug":"graztas-medziui-4mm","status":"publish","type":"product","link":"https:\/\/irankiuzona.lt\/ru\/product\/graztas-medziui-4mm\/","title":{"rendered":"Gr\u0105\u017etas med\u017eiui 4mm"},"content":{"rendered":"","protected":false},"excerpt":{"rendered":"<p>Gr\u0105\u017etas med\u017eiui 4mm<\/p>","protected":false},"featured_media":164859,"comment_status":"open","ping_status":"closed","template":"","meta":[],"product_cat":[9627],"product_tag":[9628],"class_list":{"0":"post-369635","1":"product","2":"type-product","3":"status-publish","4":"has-post-thumbnail","6":"product_brand-condor-lenkija","7":"product_cat-sraigtiniai-graztai-medziui","8":"product_tag-condor-lenkija","10":"first","11":"instock","12":"purchasable","13":"product-type-simple"},"jetpack_sharing_enabled":true,"_links":{"self":[{"href":"https:\/\/irankiuzona.lt\/ru\/wp-json\/wp\/v2\/product\/369635","targetHints":{"allow":["GET"]}}],"collection":[{"href":"https:\/\/irankiuzona.lt\/ru\/wp-json\/wp\/v2\/product"}],"about":[{"href":"https:\/\/irankiuzona.lt\/ru\/wp-json\/wp\/v2\/types\/product"}],"replies":[{"embeddable":true,"href":"https:\/\/irankiuzona.lt\/ru\/wp-json\/wp\/v2\/comments?post=369635"}],"version-history":[{"count":2,"href":"https:\/\/irankiuzona.lt\/ru\/wp-json\/wp\/v2\/product\/369635\/revisions"}],"predecessor-version":[{"id":429446,"href":"https:\/\/irankiuzona.lt\/ru\/wp-json\/wp\/v2\/product\/369635\/revisions\/429446"}],"wp:featuredmedia":[{"embeddable":true,"href":"https:\/\/irankiuzona.lt\/ru\/wp-json\/wp\/v2\/media\/164859"}],"wp:attachment":[{"href":"https:\/\/irankiuzona.lt\/ru\/wp-json\/wp\/v2\/media?parent=369635"}],"wp:term":[{"taxonomy":"product_cat","embeddable":true,"href":"https:\/\/irankiuzona.lt\/ru\/wp-json\/wp\/v2\/product_cat?post=369635"},{"taxonomy":"product_tag","embeddable":true,"href":"https:\/\/irankiuzona.lt\/ru\/wp-json\/wp\/v2\/product_tag?post=369635"}],"curies":[{"name":"wp","href":"https:\/\/api.w.org\/{rel}","templated":true}]}}