{"id":369637,"date":"2024-10-20T12:26:23","date_gmt":"2024-10-20T12:26:23","guid":{"rendered":"https:\/\/irankiuzona.lt\/product\/gelezte-siaurapjukliui-50mm\/"},"modified":"2026-04-16T00:33:32","modified_gmt":"2026-04-16T00:33:32","slug":"gelezte-siaurapjukliui-50mm","status":"publish","type":"product","link":"https:\/\/irankiuzona.lt\/ru\/product\/gelezte-siaurapjukliui-50mm\/","title":{"rendered":"Gele\u017et\u0117 siaurapj\u016bkliui 50mm"},"content":{"rendered":"<p>Darbinis ilgis 50mm<br \/>\n(tiklsiam pjovimui kietai medienai, laminuotoms ir faneruotoms plok\u0161t\u0117ms)<\/p>","protected":false},"excerpt":{"rendered":"<p>Gele\u017et\u0117 siaurapj\u016bkliui 50mm\u00a0<\/p>","protected":false},"featured_media":164885,"comment_status":"open","ping_status":"open","template":"","meta":[],"product_cat":[9624],"product_tag":[9478],"class_list":{"0":"post-369637","1":"product","2":"type-product","3":"status-publish","4":"has-post-thumbnail","6":"product_brand-leman-prancuzija","7":"product_cat-geleztes-medziui","8":"product_tag-leman-prancuzija","10":"first","11":"instock","12":"purchasable","13":"product-type-simple"},"jetpack_sharing_enabled":true,"_links":{"self":[{"href":"https:\/\/irankiuzona.lt\/ru\/wp-json\/wp\/v2\/product\/369637","targetHints":{"allow":["GET"]}}],"collection":[{"href":"https:\/\/irankiuzona.lt\/ru\/wp-json\/wp\/v2\/product"}],"about":[{"href":"https:\/\/irankiuzona.lt\/ru\/wp-json\/wp\/v2\/types\/product"}],"replies":[{"embeddable":true,"href":"https:\/\/irankiuzona.lt\/ru\/wp-json\/wp\/v2\/comments?post=369637"}],"version-history":[{"count":1,"href":"https:\/\/irankiuzona.lt\/ru\/wp-json\/wp\/v2\/product\/369637\/revisions"}],"predecessor-version":[{"id":409188,"href":"https:\/\/irankiuzona.lt\/ru\/wp-json\/wp\/v2\/product\/369637\/revisions\/409188"}],"wp:featuredmedia":[{"embeddable":true,"href":"https:\/\/irankiuzona.lt\/ru\/wp-json\/wp\/v2\/media\/164885"}],"wp:attachment":[{"href":"https:\/\/irankiuzona.lt\/ru\/wp-json\/wp\/v2\/media?parent=369637"}],"wp:term":[{"taxonomy":"product_cat","embeddable":true,"href":"https:\/\/irankiuzona.lt\/ru\/wp-json\/wp\/v2\/product_cat?post=369637"},{"taxonomy":"product_tag","embeddable":true,"href":"https:\/\/irankiuzona.lt\/ru\/wp-json\/wp\/v2\/product_tag?post=369637"}],"curies":[{"name":"wp","href":"https:\/\/api.w.org\/{rel}","templated":true}]}}