{"id":369643,"date":"2024-10-20T12:26:30","date_gmt":"2024-10-20T12:26:30","guid":{"rendered":"https:\/\/irankiuzona.lt\/product\/graztas-medziui-6mm\/"},"modified":"2026-04-15T02:43:05","modified_gmt":"2026-04-15T02:43:05","slug":"graztas-medziui-6mm","status":"publish","type":"product","link":"https:\/\/irankiuzona.lt\/ru\/product\/graztas-medziui-6mm\/","title":{"rendered":"Gr\u0105\u017etas med\u017eiui 6mm"},"content":{"rendered":"<p>\u00a0<\/p>","protected":false},"excerpt":{"rendered":"<p>Gr\u0105\u017etas med\u017eiui 6mm \u00a0<\/p>","protected":false},"featured_media":164913,"comment_status":"open","ping_status":"open","template":"","meta":[],"product_cat":[9627],"product_tag":[9478],"class_list":{"0":"post-369643","1":"product","2":"type-product","3":"status-publish","4":"has-post-thumbnail","6":"product_brand-leman-prancuzija","7":"product_cat-sraigtiniai-graztai-medziui","8":"product_tag-leman-prancuzija","10":"first","11":"instock","12":"purchasable","13":"product-type-simple"},"jetpack_sharing_enabled":true,"_links":{"self":[{"href":"https:\/\/irankiuzona.lt\/ru\/wp-json\/wp\/v2\/product\/369643","targetHints":{"allow":["GET"]}}],"collection":[{"href":"https:\/\/irankiuzona.lt\/ru\/wp-json\/wp\/v2\/product"}],"about":[{"href":"https:\/\/irankiuzona.lt\/ru\/wp-json\/wp\/v2\/types\/product"}],"replies":[{"embeddable":true,"href":"https:\/\/irankiuzona.lt\/ru\/wp-json\/wp\/v2\/comments?post=369643"}],"version-history":[{"count":1,"href":"https:\/\/irankiuzona.lt\/ru\/wp-json\/wp\/v2\/product\/369643\/revisions"}],"predecessor-version":[{"id":409202,"href":"https:\/\/irankiuzona.lt\/ru\/wp-json\/wp\/v2\/product\/369643\/revisions\/409202"}],"wp:featuredmedia":[{"embeddable":true,"href":"https:\/\/irankiuzona.lt\/ru\/wp-json\/wp\/v2\/media\/164913"}],"wp:attachment":[{"href":"https:\/\/irankiuzona.lt\/ru\/wp-json\/wp\/v2\/media?parent=369643"}],"wp:term":[{"taxonomy":"product_cat","embeddable":true,"href":"https:\/\/irankiuzona.lt\/ru\/wp-json\/wp\/v2\/product_cat?post=369643"},{"taxonomy":"product_tag","embeddable":true,"href":"https:\/\/irankiuzona.lt\/ru\/wp-json\/wp\/v2\/product_tag?post=369643"}],"curies":[{"name":"wp","href":"https:\/\/api.w.org\/{rel}","templated":true}]}}