{"id":369651,"date":"2024-10-20T12:26:47","date_gmt":"2024-10-20T12:26:47","guid":{"rendered":"https:\/\/irankiuzona.lt\/product\/vamzdeliu-lankstymo-irankis\/"},"modified":"2026-04-15T06:45:35","modified_gmt":"2026-04-15T06:45:35","slug":"vamzdeliu-lankstymo-irankis","status":"publish","type":"product","link":"https:\/\/irankiuzona.lt\/ru\/product\/vamzdeliu-lankstymo-irankis\/","title":{"rendered":"Vamzdeli\u0173 lankstymo \u012frankis"},"content":{"rendered":"<p>Vamzdeli\u0173 lankstymo \u012frankis \u00f8 6 &#8211; 8 &#8211; 10 mm<\/p>","protected":false},"excerpt":{"rendered":"<p>Vamzdeli\u0173 lankstymo \u012frankis<\/p>","protected":false},"featured_media":164989,"comment_status":"open","ping_status":"open","template":"","meta":[],"product_cat":[9597],"product_tag":[9462],"class_list":{"0":"post-369651","1":"product","2":"type-product","3":"status-publish","4":"has-post-thumbnail","6":"product_brand-condor-werkzeug-vokietija","7":"product_cat-vamzdeliu-lankstymui","8":"product_tag-condor-werkzeug-vokietija","10":"first","11":"instock","12":"purchasable","13":"product-type-simple"},"jetpack_sharing_enabled":true,"_links":{"self":[{"href":"https:\/\/irankiuzona.lt\/ru\/wp-json\/wp\/v2\/product\/369651","targetHints":{"allow":["GET"]}}],"collection":[{"href":"https:\/\/irankiuzona.lt\/ru\/wp-json\/wp\/v2\/product"}],"about":[{"href":"https:\/\/irankiuzona.lt\/ru\/wp-json\/wp\/v2\/types\/product"}],"replies":[{"embeddable":true,"href":"https:\/\/irankiuzona.lt\/ru\/wp-json\/wp\/v2\/comments?post=369651"}],"version-history":[{"count":1,"href":"https:\/\/irankiuzona.lt\/ru\/wp-json\/wp\/v2\/product\/369651\/revisions"}],"predecessor-version":[{"id":409239,"href":"https:\/\/irankiuzona.lt\/ru\/wp-json\/wp\/v2\/product\/369651\/revisions\/409239"}],"wp:featuredmedia":[{"embeddable":true,"href":"https:\/\/irankiuzona.lt\/ru\/wp-json\/wp\/v2\/media\/164989"}],"wp:attachment":[{"href":"https:\/\/irankiuzona.lt\/ru\/wp-json\/wp\/v2\/media?parent=369651"}],"wp:term":[{"taxonomy":"product_cat","embeddable":true,"href":"https:\/\/irankiuzona.lt\/ru\/wp-json\/wp\/v2\/product_cat?post=369651"},{"taxonomy":"product_tag","embeddable":true,"href":"https:\/\/irankiuzona.lt\/ru\/wp-json\/wp\/v2\/product_tag?post=369651"}],"curies":[{"name":"wp","href":"https:\/\/api.w.org\/{rel}","templated":true}]}}